{"id":2062,"date":"2025-08-22T18:32:24","date_gmt":"2025-08-22T16:32:24","guid":{"rendered":"https:\/\/www.loispamelalesot.com\/?page_id=2062"},"modified":"2025-11-18T21:32:24","modified_gmt":"2025-11-18T20:32:24","slug":"avocate-affaires-dagression-sexuelle-a-paris","status":"publish","type":"page","link":"https:\/\/www.loispamelalesot.com\/en\/avocate-affaires-dagression-sexuelle-a-paris\/","title":{"rendered":"Avocate &#8211; Affaires d&rsquo;agression sexuelle \u00e0 Paris"},"content":{"rendered":"<div class=\"wp-block-cover alignfull\" style=\"min-height:380px;aspect-ratio:unset;\"><img loading=\"lazy\" decoding=\"async\" width=\"2560\" height=\"1441\" class=\"wp-block-cover__image-background wp-image-1695\" alt=\"\" src=\"https:\/\/www.loispamelalesot.com\/wp-content\/uploads\/2024\/06\/robin-ooode-A5hD0BMzsbo-unsplash-scaled.jpg\" style=\"object-position:50% 0%\" data-object-fit=\"cover\" data-object-position=\"50% 0%\" srcset=\"https:\/\/www.loispamelalesot.com\/wp-content\/uploads\/2024\/06\/robin-ooode-A5hD0BMzsbo-unsplash-scaled.jpg 2560w, https:\/\/www.loispamelalesot.com\/wp-content\/uploads\/2024\/06\/robin-ooode-A5hD0BMzsbo-unsplash-300x169.jpg 300w, https:\/\/www.loispamelalesot.com\/wp-content\/uploads\/2024\/06\/robin-ooode-A5hD0BMzsbo-unsplash-1024x576.jpg 1024w, https:\/\/www.loispamelalesot.com\/wp-content\/uploads\/2024\/06\/robin-ooode-A5hD0BMzsbo-unsplash-768x432.jpg 768w, https:\/\/www.loispamelalesot.com\/wp-content\/uploads\/2024\/06\/robin-ooode-A5hD0BMzsbo-unsplash-1536x864.jpg 1536w, https:\/\/www.loispamelalesot.com\/wp-content\/uploads\/2024\/06\/robin-ooode-A5hD0BMzsbo-unsplash-2048x1153.jpg 2048w\" sizes=\"auto, (max-width: 2560px) 100vw, 2560px\" \/><span aria-hidden=\"true\" class=\"wp-block-cover__background has-ast-global-color-1-background-color has-background-dim-20 has-background-dim\"><\/span><div class=\"wp-block-cover__inner-container is-layout-flow wp-block-cover-is-layout-flow\">\n<h1 class=\"wp-block-heading has-text-align-center has-white-color has-text-color\">avocate &#8211; agression sexuelle \u00e0 paris<\/h1>\n<\/div><\/div>\n\n\n\n<div class=\"wp-block-columns is-layout-flex wp-container-core-columns-is-layout-a54e0cfc wp-block-columns-is-layout-flex\" style=\"padding-top:var(--wp--preset--spacing--60);padding-bottom:var(--wp--preset--spacing--60)\">\n<div class=\"wp-block-column is-vertically-aligned-center is-layout-flow wp-block-column-is-layout-flow\" style=\"flex-basis:33.33%\">\n<figure class=\"wp-block-image aligncenter size-full is-style-rounded wp-duotone-grayscale\"><img loading=\"lazy\" decoding=\"async\" width=\"1043\" height=\"1036\" src=\"https:\/\/www.loispamelalesot.com\/wp-content\/uploads\/2025\/09\/WhatsApp-Image-2025-09-11-at-17.49.14-2.jpeg\" alt=\"\" class=\"wp-image-2167\" srcset=\"https:\/\/www.loispamelalesot.com\/wp-content\/uploads\/2025\/09\/WhatsApp-Image-2025-09-11-at-17.49.14-2.jpeg 1043w, https:\/\/www.loispamelalesot.com\/wp-content\/uploads\/2025\/09\/WhatsApp-Image-2025-09-11-at-17.49.14-2-300x298.jpeg 300w, https:\/\/www.loispamelalesot.com\/wp-content\/uploads\/2025\/09\/WhatsApp-Image-2025-09-11-at-17.49.14-2-1024x1017.jpeg 1024w, https:\/\/www.loispamelalesot.com\/wp-content\/uploads\/2025\/09\/WhatsApp-Image-2025-09-11-at-17.49.14-2-150x150.jpeg 150w, https:\/\/www.loispamelalesot.com\/wp-content\/uploads\/2025\/09\/WhatsApp-Image-2025-09-11-at-17.49.14-2-768x763.jpeg 768w\" sizes=\"auto, (max-width: 1043px) 100vw, 1043px\" \/><\/figure>\n<\/div>\n\n\n\n<div class=\"wp-block-column is-layout-flow wp-block-column-is-layout-flow\" style=\"flex-basis:66.66%\">\n<p>Vous \u00eates victime d\u2019une&nbsp;agression sexuelle ou accus\u00e9 d&rsquo;agression sexuelle ? Faire appel \u00e0 un&nbsp;<a href=\"https:\/\/www.loispamelalesot.com\/en\/avocate-penaliste-a-paris\/\" data-type=\"link\" data-id=\"https:\/\/www.loispamelalesot.com\/avocate-penaliste-a-paris\/\">avocat p\u00e9naliste<\/a> exp\u00e9riment\u00e9&nbsp;permet d&rsquo;assurer la protection de vos droits, que vous soyez&nbsp;plaignant ou&nbsp;mis en cause.<\/p>\n\n\n\n<h3 class=\"wp-block-heading\">Ma\u00eetre Lois Pamela LESOT, attorney at the Paris Bar, represents you throughout France<\/h3>\n\n\n\n<p>Holding degrees in criminal law, international criminal law, and business criminal law, and trained at leading French and British universities (King\u2019s College London, Paris I Panth\u00e9on-Sorbonne, Kent Law School), Ma\u00eetre Lois Pamela LESOT puts her expertise at the service of criminal defense throughout France, including the overseas territories.<\/p>\n\n\n\n<p>She assists you at every stage of the proceedings:<\/p>\n\n\n\n<ul class=\"wp-block-list\">\n<li>D\u00e9p\u00f4t de plainte et constitution de partie civile<\/li>\n\n\n\n<li>Garde \u00e0 vue et auditions devant les services d\u2019enqu\u00eate<\/li>\n\n\n\n<li>Instruction devant le juge d\u2019instruction<\/li>\n\n\n\n<li>Audience correctionnelle pour les d\u00e9lits d\u2019agression sexuelle<\/li>\n\n\n\n<li>Proc\u00e8s devant la Cour d\u2019assises et la Cour criminelle pour les faits de viol<\/li>\n\n\n\n<li>Application et am\u00e9nagement des peines<\/li>\n<\/ul>\n\n\n\n<p class=\"translation-block\">With experience gained in renowned law firms (<a href=\"https:\/\/www.loispamelalesot.com\/en\/cabinet-avi-bitton\/\" data-type=\"page\" data-id=\"1912\" target=\"_self\">Avi Bitton<\/a>, William Juli\u00e9, Collard &amp; Associ\u00e9s\u2026) and within courts (Paris Court of Appeal, International Criminal Court), she adopts a rigorous, human, and strategic approach to each case.<\/p>\n<\/div>\n<\/div>\n\n\n\n<div class=\"wp-block-columns is-layout-flex wp-container-core-columns-is-layout-37205074 wp-block-columns-is-layout-flex\" style=\"padding-top:43px;padding-bottom:43px\">\n<div class=\"wp-block-column is-layout-flow wp-block-column-is-layout-flow\" style=\"flex-basis:25%\"><\/div>\n\n\n\n<div class=\"wp-block-column is-layout-flow wp-block-column-is-layout-flow\" style=\"flex-basis:50%\">\n<h2 class=\"wp-block-heading has-text-align-center\">Domaines d\u2019intervention pour les affaires d&rsquo;agression sexuelle et autres crimes et d\u00e9lits de nature sexuelle<\/h2>\n<\/div>\n\n\n\n<div class=\"wp-block-column is-layout-flow wp-block-column-is-layout-flow\" style=\"flex-basis:25%\"><\/div>\n<\/div>\n\n\n\n<style>\n  .penal-grid-container {\n    max-width: 1200px;\n    margin-bottom: 48px;\n    display: grid;\n    gap: 24px;\n    grid-template-columns: 1fr;\n  }\n\n  @media (min-width: 600px) {\n    .penal-grid-container {\n      grid-template-columns: repeat(2, 1fr);\n    }\n  }\n\n  @media (min-width: 1024px) {\n    .penal-grid-container {\n      grid-template-columns: repeat(4, 1fr);\n    }\n  }\n\n  .penal-grid-title {\n    font-size: 24px;\n    font-weight: bold;\n    margin-bottom: 16px;\n  }\n\n  .penal-grid-intro {\n    margin-bottom: 32px;\n    font-size: 16px;\n    line-height: 1.5;\n  }\n\n  .penal-grid-block {\n    padding: 16px;\n    border: 1px solid #ccc;\n  }\n\n  .penal-grid-block h3 {\n    font-size: 18px;\n    font-weight: bold;\n    margin-bottom: 8px;\n  }\n\n  .penal-grid-block ul {\n    padding-left: 20px;\n    margin: 0;\n  }\n<\/style>\n\n<div class=\"penal-grid-container\">\n  <div class=\"penal-grid-block\">\n    <h3>Agressions sexuelles et viol<\/h3>\n    <ul>\n      <li>Agression sexuelle : toute atteinte sexuelle commise avec violence, contrainte, menace ou surprise, sans p\u00e9n\u00e9tration<\/li>\n      <li>A distinguer du viol (<a href=\"https:\/\/www.legifrance.gouv.fr\/codes\/article_lc\/LEGIARTI000043409305\">art. 222-23 du Code p\u00e9nal<\/a>)<\/li>\n      <li>Circonstances aggravantes (mineur, autorit\u00e9, pluralit\u00e9 d\u2019auteurs, etc.)<\/li>\n      <li>Tentative de viol ou d\u2019agression sexuelle<\/li>\n    <\/ul>\n  <\/div>\n\n  <div class=\"penal-grid-block\">\n    <h3>Infractions sexuelles sur mineur<\/h3>\n    <ul>\n      <li>Agression sexuelle sur mineur de moins de 15 ans<\/li>\n      <li>Agression sexuelle sur mineur de plus de 15 ans<\/li>\n      <li>Inceste<\/li>\n      <li>Corruption de mineur<\/li>\n      <li>D\u00e9tention et diffusion d\u2019images p\u00e9dopornographiques<\/li>\n    <\/ul>\n  <\/div>\n\n  <div class=\"penal-grid-block\">\n    <h3>Victimes d\u2019infractions sexuelles<\/h3>\n    <ul>\n      <li>D\u00e9p\u00f4t de plainte et constitution de partie civile<\/li>\n      <li>Assistance devant le Juge d\u2019instruction<\/li>\n      <li>Etude de la proc\u00e9dure p\u00e9nale et pr\u00e9paration des pi\u00e8ces<\/li>\n      <li>Plaidoirie devant le Tribunal correctionnel ou la Cour d&rsquo;assises ou la Cour criminelle<\/li>\n      <li>Proc\u00e9dure d\u2019indemnisation (CIVI, Fonds de garantie)<\/li>\n      <li>Soutien psychologique et juridique<\/li>\n    <\/ul>\n  <\/div>\n\n  <div class=\"penal-grid-block\">\n    <h3>D\u00e9fense p\u00e9nale<\/h3>\n    <ul>\n      <li>V\u00e9rification du respect des droits des personnes poursuivies<\/li>\n      <li>Conseils et pr\u00e9paration d&rsquo;une strat\u00e9gie de d\u00e9fense adapt\u00e9e \u00e0 votre situation<\/li>\n      <li>Assistance tout au long de la proc\u00e9dure p\u00e9nale : de la <a href=\"https:\/\/www.loispamelalesot.com\/en\/2023\/04\/04\/la-garde-a-vue\/\">garde \u00e0 vue<\/a> \u00e0 l&rsquo;audience devant le Tribunal correctionnel, la Cour d&rsquo;assises ou la Cour criminelle<\/li>\n      <li>Anticipation des peines encourues : peines d\u2019emprisonnement et amendes, inscription au fichier des auteurs d\u2019infractions sexuelles (FIJAIS)<\/li>\n    <\/ul>\n  <\/div>\n<\/div>\n\n\n\n<div class=\"wp-block-columns is-layout-flex wp-container-core-columns-is-layout-51c0b34d wp-block-columns-is-layout-flex\" style=\"padding-top:var(--wp--preset--spacing--50);padding-bottom:var(--wp--preset--spacing--50)\">\n<div class=\"wp-block-column is-layout-flow wp-block-column-is-layout-flow\" style=\"flex-basis:25%\"><\/div>\n\n\n\n<div class=\"wp-block-column is-layout-flow wp-block-column-is-layout-flow\" style=\"flex-basis:50%\">\n<h2 class=\"wp-block-heading has-text-align-center\">Les \u00e9tapes d\u2019une proc\u00e9dure pour agression sexuelle ou autres crimes et d\u00e9lits de nature sexuelle<\/h2>\n<\/div>\n\n\n\n<div class=\"wp-block-column is-layout-flow wp-block-column-is-layout-flow\" style=\"flex-basis:25%\"><\/div>\n<\/div>\n\n\n\n<style>\n  .penal-steps-container {\n    display: grid;\n    grid-template-columns: 1fr;\n    gap: 24px;\n    max-width: 1200px;\n    margin-bottom: 48px;\n  }\n\n  @media (min-width: 600px) {\n    .penal-steps-container {\n      grid-template-columns: repeat(2, 1fr);\n    }\n  }\n\n  @media (min-width: 1024px) {\n    .penal-steps-container {\n      grid-template-columns: repeat(4, 1fr);\n    }\n  }\n\n  .penal-step-block {\n    padding: 16px;\n    border: 1px solid #ccc;\n  }\n\n  .penal-step-block h3 {\n    font-size: 18px;\n    font-weight: bold;\n    margin-bottom: 8px;\n  }\n\n  .penal-step-block ul {\n    padding-left: 20px;\n    margin: 0 0 8px 0;\n  }\n\n  .penal-step-block p {\n    margin: 0;\n    line-height: 1.5;\n    font-size: 15px;\n  }\n<\/style>\n\n<div class=\"penal-steps-container\">\n  <div class=\"penal-step-block\">\n    <h3>1. Investigation<\/h3>\n    <ul>\n      <li>Enqu\u00eate de flagrance (lorsque l\u2019agression sexuelle vient de se produire)<\/li>\n      <li>Enqu\u00eate pr\u00e9liminaire sur d\u00e9nonciation ou d\u00e9p\u00f4t de plainte<\/li>\n    <\/ul>\n<br>\n    <p>\n      D\u00e8s la garde \u00e0 vue, l\u2019audition libre ou le d\u00e9p\u00f4t de plainte, l\u2019assistance d\u2019un avocat en droit p\u00e9nal est indispensable. Chaque d\u00e9claration compte, que vous soyez victime ou mis en cause.\n    <\/p>\n  <\/div>\n\n  <div class=\"penal-step-block\">\n    <h3>2. L&rsquo;instruction<\/h3>\n    <p>\n      En cas d\u2019indices graves ou concordants, le juge d\u2019instruction peut d\u00e9cider d\u2019une mise en examen pour agression sexuelle ou viol. Cela entra\u00eene des droits, mais souvent aussi des obligations strictes.\n    <\/p>\n<br>\n    <p>\n      L\u2019avocat p\u00e9naliste expert en agression sexuelle ou viol acc\u00e8de au dossier, demande des actes d\u2019enqu\u00eate et pr\u00e9pare la strat\u00e9gie de d\u00e9fense.\n    <\/p>\n  <\/div>\n\n  <div class=\"penal-step-block\">\n    <h3>3. L&rsquo;audience ou le proc\u00e8s<\/h3>\n    <ul>\n      <li>Tribunal correctionnel pour les d\u00e9lits (agressions sexuelles, prox\u00e9n\u00e9tisme, pornodivulgation, exhibition, harc\u00e8lement sexuel, violences, etc.)<\/li>\n      <li>Cour d\u2019assises ou cour criminelle pour les crimes (viol)<\/li>\n      <li>Tribunal pour enfants ou Cour d&rsquo;assises des mineurs en cas de mineurs impliqu\u00e9s<\/li>\n    <\/ul>\n<br>\n    <p>\n      L\u2019avocat analyse la proc\u00e9dure p\u00e9nale, pr\u00e9pare le dossier et son client pour l&rsquo;audience ou le proc\u00e8s, plaide la cause de la victime ou de la personne poursuivie et veille au respect des droits de chacun et du principe du contradictoire.\n    <\/p>\n  <\/div>\n\n  <div class=\"penal-step-block\">\n    <h3>4. Apr\u00e8s le jugement<\/h3>\n    <ul>\n      <li>Interjeter appel de la d\u00e9cision si opportun<\/li>\n      <li>Demander un am\u00e9nagement de peine (lib\u00e9ration conditionnelle, placement sous surveillance \u00e9lectronique, semi-libert\u00e9, etc.)<\/li>\n      <li>Accompagner les victimes dans les d\u00e9marches d\u2019indemnisation (CIVI, Fonds de garantie)<\/li>\n    <\/ul>\n  <\/div>\n<\/div>\n\n\n\n<div class=\"inherit-container-width wp-block-group alignfull has-ast-global-color-5-background-color has-background is-layout-constrained wp-block-group-is-layout-constrained\"><div class=\"wp-block-group__inner-container\">\n<div class=\"wp-block-columns is-layout-flex wp-container-core-columns-is-layout-28f84493 wp-block-columns-is-layout-flex\">\n<div class=\"wp-block-column is-layout-flow wp-block-column-is-layout-flow\" style=\"flex-basis:25%\"><\/div>\n\n\n\n<div class=\"wp-block-column is-layout-flow wp-block-column-is-layout-flow\" style=\"flex-basis:50%\">\n<p><em><strong>Your Criminal Defense with Ma\u00eetre Lois Pamela LESOT<\/strong><\/em><\/p>\n\n\n\n<p class=\"translation-block\">Consult a lawyer: Ma\u00eetre Lois Pamela LESOT \u2013 +33 6 52 02 54 42 \u2013 <a href=\"mailto:lesot@loispamelalesot.com\" target=\"_self\">lesot@loispamelalesot.com<\/a><\/p>\n\n\n\n<p>Le cabinet intervient r\u00e9guli\u00e8rement dans l\u2019assistance et la d\u00e9fense de personnes&nbsp;victimes ou mises en cause dans des affaires d\u2019agression sexuelle, de viol ou d\u2019infractions sexuelles sur mineur. Ma\u00eetre Lois Pamela LESOT accompagne \u00e9galement les personnes dans d\u2019autres proc\u00e9dures sensibles relevant du&nbsp;droit p\u00e9nal, comme les&nbsp;violences conjugales, le blanchiment ou les abus de faiblesse.<\/p>\n\n\n\n<p><a href=\"https:\/\/www.loispamelalesot.com\/en\/avocate-en-affaires-criminelles-a-paris\/\">Avocate affaires criminelles \u00e0 Paris<\/a><br><a href=\"https:\/\/www.loispamelalesot.com\/en\/avocate-affaires-de-viol-a-paris\/\">Avocate affaires de viol \u00e0 Paris<\/a><br><a href=\"https:\/\/www.loispamelalesot.com\/en\/avocate-droit-de-lextradition-a-paris\/\">Avocate droit de l\u2019extradition \u00e0 Paris<\/a><br><a href=\"https:\/\/www.loispamelalesot.com\/en\/avocate-garde-a-vue-a-paris\/\">Avocate garde \u00e0 vue \u00e0 Paris<\/a><br><a href=\"https:\/\/www.loispamelalesot.com\/en\/avocate-mandat-darret-europeen-a-paris\/\">Avocate mandat d\u2019arr\u00eat europ\u00e9en \u00e0 Paris<\/a><\/p>\n\n\n\n<div style=\"height:100px\" aria-hidden=\"true\" class=\"wp-block-spacer\"><\/div>\n\n\n\n<h2 class=\"wp-block-heading\">FAQ \u2013 Avocat agression sexuelle Paris<\/h2>\n\n\n\n<h3 class=\"wp-block-heading\">Qu\u2019est-ce qu\u2019une agression sexuelle selon le Code p\u00e9nal ?<\/h3>\n\n\n\n<p>Une&nbsp;agression sexuelle&nbsp;est d\u00e9finie par le&nbsp;Code p\u00e9nal&nbsp;comme une atteinte sexuelle commise&nbsp;sans le consentement&nbsp;de la victime, par&nbsp;violence, contrainte, menace ou surprise. Contrairement au&nbsp;viol, elle n\u2019implique pas de p\u00e9n\u00e9tration sexuelle.<\/p>\n\n\n\n<p>Il peut s\u2019agir de&nbsp;gestes, attouchements, baisers forc\u00e9s ou tout acte \u00e0 caract\u00e8re sexuel&nbsp;impos\u00e9 \u00e0 une personne.<\/p>\n\n\n\n<h3 class=\"wp-block-heading\">Quelle diff\u00e9rence entre agression sexuelle et viol ?<\/h3>\n\n\n\n<p>La distinction repose sur la pr\u00e9sence ou non de p\u00e9n\u00e9tration :<\/p>\n\n\n\n<ul class=\"wp-block-list\">\n<li>Agression sexuelle&nbsp;: tout contact ou acte \u00e0 caract\u00e8re sexuel&nbsp;impos\u00e9&nbsp;sans p\u00e9n\u00e9tration<\/li>\n\n\n\n<li>Viol&nbsp;: agression sexuelle aggrav\u00e9e par la p\u00e9n\u00e9tration (art. 222-23 du Code p\u00e9nal)<\/li>\n<\/ul>\n\n\n\n<p>Les deux infractions peuvent \u00eatre punies de lourdes peines, avec des circonstances aggravantes lorsque la victime est un&nbsp;mineur, lorsqu\u2019il existe un&nbsp;abus d\u2019autorit\u00e9, lorsqu&rsquo;il y a usage ou menace d&rsquo;une arme, etc.<\/p>\n\n\n\n<h3 class=\"wp-block-heading\">Que risque l\u2019auteur d\u2019une agression sexuelle ?<\/h3>\n\n\n\n<p>Les peines varient selon la gravit\u00e9 des faits :<\/p>\n\n\n\n<ul class=\"wp-block-list\">\n<li>Agression sexuelle simple&nbsp;: jusqu\u2019\u00e0&nbsp;5 ans d\u2019emprisonnement&nbsp;et&nbsp;75 000 \u20ac d\u2019amende<\/li>\n\n\n\n<li>Circonstances aggravantes&nbsp;(mineur, ascendant, pluralit\u00e9 d\u2019auteurs\u2026) : jusqu\u2019\u00e0&nbsp;10 ans d\u2019emprisonnement&nbsp;et&nbsp;150 000 \u20ac d\u2019amende<\/li>\n\n\n\n<li>Viol&nbsp;: crime puni de&nbsp;15 \u00e0 20 ans de r\u00e9clusion criminelle, voire plus selon les cas (ex. victime mineure, circonstances aggravantes)<\/li>\n<\/ul>\n\n\n\n<h3 class=\"wp-block-heading\">Que faire si je suis victime d\u2019une agression sexuelle \u00e0 Paris ?<\/h3>\n\n\n\n<ul class=\"wp-block-list\">\n<li>En urgence&nbsp;: contacter la police (17) ou le SAMU (15)<\/li>\n\n\n\n<li>D\u00e9poser plainte&nbsp;: au commissariat, \u00e0 la gendarmerie ou directement aupr\u00e8s du procureur de la R\u00e9publique par courrier<\/li>\n\n\n\n<li>Se faire accompagner&nbsp;: un&nbsp;avocat en agression sexuelle \u00e0 Paris&nbsp;vous aide \u00e0 porter plainte, \u00e0 rassembler des preuves (certificat m\u00e9dical, t\u00e9moignages, SMS\u2026) et \u00e0 vous constituer partie civile<\/li>\n\n\n\n<li>Soutien psychologique&nbsp;: des associations sp\u00e9cialis\u00e9es peuvent vous aider (demander \u00e0 votre avocat de vous orienter pour une prise en charge adapt\u00e9e)<\/li>\n<\/ul>\n\n\n\n<h3 class=\"wp-block-heading\">Puis-je porter plainte m\u00eame longtemps apr\u00e8s les faits ?<\/h3>\n\n\n\n<p>Oui. Les&nbsp;d\u00e9lais de prescription&nbsp;sont relativement longs en mati\u00e8re d\u2019infractions sexuelles :<\/p>\n\n\n\n<ul class=\"wp-block-list\">\n<li><strong>20 ans<\/strong>&nbsp;\u00e0 compter de la commission des faits pour un viol<\/li>\n\n\n\n<li><strong>30 ans<\/strong>&nbsp;\u00e0 compter de la majorit\u00e9 pour un viol sur mineur<\/li>\n\n\n\n<li><strong>6 ans<\/strong>&nbsp;pour une agression sexuelle<\/li>\n\n\n\n<li><strong>10 ans<\/strong>&nbsp;\u00e0 compter de la majorit\u00e9 pour une agression sexuelle sur mineur de plus de 15 ans<\/li>\n\n\n\n<li><strong>20 ans<\/strong>&nbsp;\u00e0 compter de la majorit\u00e9 pour une agression sexuelle sur mineur de moins de 15 ans<\/li>\n<\/ul>\n\n\n\n<p>Cela signifie qu\u2019une victime peut&nbsp;porter plainte des ann\u00e9es plus tard, m\u00eame \u00e0 l\u2019\u00e2ge adulte.<\/p>\n\n\n\n<h3 class=\"wp-block-heading\">Quel est le r\u00f4le d\u2019un avocat en agression sexuelle ?<\/h3>\n\n\n\n<p>Un&nbsp;avocat p\u00e9naliste&nbsp;intervient \u00e0 chaque \u00e9tape :<\/p>\n\n\n\n<ul class=\"wp-block-list\">\n<li>Pour la&nbsp;victime&nbsp;: d\u00e9p\u00f4t de plainte, constitution de partie civile, accompagnement lors des auditions, confrontation et proc\u00e8s, demande d\u2019indemnisation (CIVI, Fonds de garantie).<\/li>\n\n\n\n<li>Pour la&nbsp;personne mise en cause&nbsp;: d\u00e9fense en garde \u00e0 vue, contestation des accusations, pr\u00e9paration et d\u00e9fense lors du proc\u00e8s<\/li>\n<\/ul>\n\n\n\n<p>Son r\u00f4le est autant&nbsp;juridique&nbsp;(construire la d\u00e9fense) qu\u2019humain&nbsp;(\u00e9couter, soutenir et rassurer).<\/p>\n\n\n\n<h3 class=\"wp-block-heading\">Comment choisir un avocat sp\u00e9cialis\u00e9 en agression sexuelle \u00e0 Paris ?<\/h3>\n\n\n\n<p>Privil\u00e9giez un avocat :<\/p>\n\n\n\n<ul class=\"wp-block-list\">\n<li>Expert en droit p\u00e9nal&nbsp;et habitu\u00e9 aux dossiers d\u2019infractions sexuelles<\/li>\n\n\n\n<li>Avec une&nbsp;exp\u00e9rience reconnue&nbsp;aupr\u00e8s de victimes et de mis en cause<\/li>\n\n\n\n<li>Disponible pour un&nbsp;suivi personnalis\u00e9, car ces affaires exigent \u00e9coute et r\u00e9activit\u00e9<\/li>\n\n\n\n<li>Inscrit au&nbsp;barreau de Paris, afin d\u2019assurer une proximit\u00e9 si vous \u00eates en r\u00e9gion parisienne<\/li>\n<\/ul>\n\n\n\n<h3 class=\"wp-block-heading\">Quels sont mes droits en tant que victime d\u2019agression sexuelle ?<\/h3>\n\n\n\n<p>En tant que victime, vous pouvez :<\/p>\n\n\n\n<ul class=\"wp-block-list\">\n<li>D\u00e9poser plainte<\/li>\n\n\n\n<li>Vous constituer partie civile&nbsp;pour obtenir r\u00e9paration (dommages et int\u00e9r\u00eats)<\/li>\n\n\n\n<li>\u00catre indemnis\u00e9&nbsp;par la CIVI (Commission d\u2019indemnisation des victimes d\u2019infractions) et le Fonds de garantie, ou le SARVI (Service d&rsquo;Aide au Recouvrement des Victimes d&rsquo;Infractions)<\/li>\n\n\n\n<li>\u00catre prot\u00e9g\u00e9&nbsp;(mesures d\u2019\u00e9loignement, interdictions de contact, etc.)<\/li>\n<\/ul>\n\n\n\n<h3 class=\"wp-block-heading\">Comment se d\u00e9roule la proc\u00e9dure pour une infraction sexuelle \u00e0 Paris ?<\/h3>\n\n\n\n<ol class=\"wp-block-list\">\n<li>Enqu\u00eate&nbsp;(police, auditions, expertise m\u00e9dicale et psychologique)<\/li>\n\n\n\n<li>Instruction&nbsp;(mise en examen si indices graves et concordants)<\/li>\n\n\n\n<li>Audience&nbsp;devant le&nbsp;tribunal correctionnel&nbsp;(d\u00e9lits) ou proc\u00e8s devant la Cour d\u2019assises ou Cour criminelle&nbsp;(viol)<\/li>\n\n\n\n<li>Jugement et condamnation \u00e9ventuelle<\/li>\n\n\n\n<li>Appel&nbsp;possible pour contester la d\u00e9cision<\/li>\n\n\n\n<li>Proc\u00e9dure de r\u00e9paration devant la CIVI ou le SARVI \/ Proc\u00e9dure en am\u00e9nagement de peine<\/li>\n<\/ol>\n\n\n\n<p>Tout au long du processus, l\u2019avocat est pr\u00e9sent pour&nbsp;vous expliquer la proc\u00e9dure, pr\u00e9parer la strat\u00e9gie&nbsp;et d\u00e9fendre efficacement vos int\u00e9r\u00eats.<\/p>\n\n\n\n<h3 class=\"wp-block-heading\">Quels recours existent pour les victimes d\u2019infractions sexuelles ?<\/h3>\n\n\n\n<p>Une victime d&rsquo;infraction sexuelle peut :<\/p>\n\n\n\n<ul class=\"wp-block-list\">\n<li>D\u00e9poser une plainte p\u00e9nale<\/li>\n\n\n\n<li>Obtenir une indemnisation&nbsp;via la CIVI<\/li>\n\n\n\n<li>Saisir les associations d\u2019aide aux victimes&nbsp;pour un accompagnement psychologique et social<\/li>\n\n\n\n<li>Faire valoir ses droits devant les juridictions civiles&nbsp;(divorce, garde des enfants si violences conjugales associ\u00e9es)<\/li>\n<\/ul>\n\n\n\n<h3 class=\"wp-block-heading\">Comment se pr\u00e9parer \u00e0 un rendez-vous avec un avocat en agression sexuelle ?<\/h3>\n\n\n\n<p>Il est conseill\u00e9 de rassembler :<\/p>\n\n\n\n<ul class=\"wp-block-list\">\n<li>Tous les&nbsp;documents et preuves&nbsp;en lien avec l\u2019agression (messages, mails, certificats m\u00e9dicaux, photos, t\u00e9moignages)<\/li>\n\n\n\n<li>Un&nbsp;r\u00e9cit chronologique&nbsp;des faits, pour aider l\u2019avocat \u00e0 comprendre le contexte<\/li>\n\n\n\n<li>Vos&nbsp;questions personnelles&nbsp;(proc\u00e9dure, d\u00e9lais, indemnisation, protection, etc.)<\/li>\n<\/ul>\n\n\n\n<p>L\u2019avocat est l\u00e0 pour \u00e9couter sans jugement et construire une strat\u00e9gie adapt\u00e9e \u00e0 votre situation.<\/p>\n\n\n\n<p class=\"translation-block\"><strong>Ma\u00eetre Lois Pamela LESOT<\/strong><br><strong>+33 6 52 02 54 42<\/strong><br><strong><a target=\"_self\">lesot@loispamelalesot.com<\/a><\/strong><\/p>\n<\/div>\n\n\n\n<div class=\"wp-block-column is-layout-flow wp-block-column-is-layout-flow\" style=\"flex-basis:25%\"><\/div>\n<\/div>\n<\/div><\/div>\n\n\n\n<p><\/p>","protected":false},"excerpt":{"rendered":"<p>Vous \u00eates victime d\u2019une&nbsp;agression sexuelle ou accus\u00e9 d&rsquo;agression sexuelle ? Faire appel \u00e0 un&nbsp;avocat p\u00e9naliste exp\u00e9riment\u00e9&nbsp;permet d&rsquo;assurer la protection de vos droits, que vous soyez&nbsp;plaignant ou&nbsp;mis en cause. Ma\u00eetre Lois Pamela LESOT, avocate au barreau de Paris, vous d\u00e9fend partout en France Titulaire de dipl\u00f4mes en&nbsp;droit p\u00e9nal, en droit p\u00e9nal international&nbsp;et en&nbsp;droit p\u00e9nal des affaires, &hellip;<\/p>\n<p class=\"read-more\"> <a class=\"\" href=\"https:\/\/www.loispamelalesot.com\/en\/avocate-affaires-dagression-sexuelle-a-paris\/\"> <span class=\"screen-reader-text\">Avocate &#8211; Affaires d&rsquo;agression sexuelle \u00e0 Paris<\/span> Read More &raquo;<\/a><\/p>","protected":false},"author":3,"featured_media":2268,"parent":0,"menu_order":0,"comment_status":"closed","ping_status":"closed","template":"","meta":{"site-sidebar-layout":"no-sidebar","site-content-layout":"plain-container","ast-global-header-display":"","ast-main-header-display":"","ast-hfb-above-header-display":"","ast-hfb-below-header-display":"","ast-hfb-mobile-header-display":"","site-post-title":"disabled","ast-breadcrumbs-content":"","ast-featured-img":"disabled","footer-sml-layout":"","theme-transparent-header-meta":"enabled","adv-header-id-meta":"","stick-header-meta":"","header-above-stick-meta":"","header-main-stick-meta":"","header-below-stick-meta":"","footnotes":""},"class_list":["post-2062","page","type-page","status-publish","has-post-thumbnail","hentry"],"_links":{"self":[{"href":"https:\/\/www.loispamelalesot.com\/en\/wp-json\/wp\/v2\/pages\/2062","targetHints":{"allow":["GET"]}}],"collection":[{"href":"https:\/\/www.loispamelalesot.com\/en\/wp-json\/wp\/v2\/pages"}],"about":[{"href":"https:\/\/www.loispamelalesot.com\/en\/wp-json\/wp\/v2\/types\/page"}],"author":[{"embeddable":true,"href":"https:\/\/www.loispamelalesot.com\/en\/wp-json\/wp\/v2\/users\/3"}],"replies":[{"embeddable":true,"href":"https:\/\/www.loispamelalesot.com\/en\/wp-json\/wp\/v2\/comments?post=2062"}],"version-history":[{"count":19,"href":"https:\/\/www.loispamelalesot.com\/en\/wp-json\/wp\/v2\/pages\/2062\/revisions"}],"predecessor-version":[{"id":2225,"href":"https:\/\/www.loispamelalesot.com\/en\/wp-json\/wp\/v2\/pages\/2062\/revisions\/2225"}],"wp:featuredmedia":[{"embeddable":true,"href":"https:\/\/www.loispamelalesot.com\/en\/wp-json\/wp\/v2\/media\/2268"}],"wp:attachment":[{"href":"https:\/\/www.loispamelalesot.com\/en\/wp-json\/wp\/v2\/media?parent=2062"}],"curies":[{"name":"wp","href":"https:\/\/api.w.org\/{rel}","templated":true}]}}