{"id":2063,"date":"2025-08-20T18:29:21","date_gmt":"2025-08-20T16:29:21","guid":{"rendered":"https:\/\/www.loispamelalesot.com\/?page_id=2063"},"modified":"2025-11-18T21:33:02","modified_gmt":"2025-11-18T20:33:02","slug":"avocate-garde-a-vue-a-paris","status":"publish","type":"page","link":"https:\/\/www.loispamelalesot.com\/en\/avocate-garde-a-vue-a-paris\/","title":{"rendered":"Avocate &#8211; Garde \u00e0 vue \u00e0 Paris"},"content":{"rendered":"<div class=\"wp-block-cover alignfull\" style=\"min-height:380px;aspect-ratio:unset;\"><img loading=\"lazy\" decoding=\"async\" width=\"2560\" height=\"1441\" class=\"wp-block-cover__image-background wp-image-1695\" alt=\"\" src=\"https:\/\/www.loispamelalesot.com\/wp-content\/uploads\/2024\/06\/robin-ooode-A5hD0BMzsbo-unsplash-scaled.jpg\" style=\"object-position:50% 0%\" data-object-fit=\"cover\" data-object-position=\"50% 0%\" srcset=\"https:\/\/www.loispamelalesot.com\/wp-content\/uploads\/2024\/06\/robin-ooode-A5hD0BMzsbo-unsplash-scaled.jpg 2560w, https:\/\/www.loispamelalesot.com\/wp-content\/uploads\/2024\/06\/robin-ooode-A5hD0BMzsbo-unsplash-300x169.jpg 300w, https:\/\/www.loispamelalesot.com\/wp-content\/uploads\/2024\/06\/robin-ooode-A5hD0BMzsbo-unsplash-1024x576.jpg 1024w, https:\/\/www.loispamelalesot.com\/wp-content\/uploads\/2024\/06\/robin-ooode-A5hD0BMzsbo-unsplash-768x432.jpg 768w, https:\/\/www.loispamelalesot.com\/wp-content\/uploads\/2024\/06\/robin-ooode-A5hD0BMzsbo-unsplash-1536x864.jpg 1536w, https:\/\/www.loispamelalesot.com\/wp-content\/uploads\/2024\/06\/robin-ooode-A5hD0BMzsbo-unsplash-2048x1153.jpg 2048w\" sizes=\"auto, (max-width: 2560px) 100vw, 2560px\" \/><span aria-hidden=\"true\" class=\"wp-block-cover__background has-ast-global-color-1-background-color has-background-dim-20 has-background-dim\"><\/span><div class=\"wp-block-cover__inner-container is-layout-flow wp-block-cover-is-layout-flow\">\n<h1 class=\"wp-block-heading has-text-align-center has-white-color has-text-color\">avocate &#8211; garde \u00e0 vue \u00e0 paris<\/h1>\n<\/div><\/div>\n\n\n\n<div class=\"wp-block-columns is-layout-flex wp-container-core-columns-is-layout-a54e0cfc wp-block-columns-is-layout-flex\" style=\"padding-top:var(--wp--preset--spacing--60);padding-bottom:var(--wp--preset--spacing--60)\">\n<div class=\"wp-block-column is-vertically-aligned-center is-layout-flow wp-block-column-is-layout-flow\" style=\"flex-basis:33.33%\">\n<figure class=\"wp-block-image aligncenter size-full is-resized is-style-rounded wp-duotone-grayscale\"><img loading=\"lazy\" decoding=\"async\" width=\"504\" height=\"672\" src=\"https:\/\/www.loispamelalesot.com\/wp-content\/uploads\/2024\/05\/SmartSelect_20240308_205741_Instagram-edited-1.jpg\" alt=\"\" class=\"wp-image-1483\" style=\"width:258px;height:auto\" srcset=\"https:\/\/www.loispamelalesot.com\/wp-content\/uploads\/2024\/05\/SmartSelect_20240308_205741_Instagram-edited-1.jpg 504w, https:\/\/www.loispamelalesot.com\/wp-content\/uploads\/2024\/05\/SmartSelect_20240308_205741_Instagram-edited-1-225x300.jpg 225w\" sizes=\"auto, (max-width: 504px) 100vw, 504px\" \/><\/figure>\n<\/div>\n\n\n\n<div class=\"wp-block-column is-layout-flow wp-block-column-is-layout-flow\" style=\"flex-basis:66.66%\">\n<p>Vous ou l&rsquo;un de vos proches \u00eates plac\u00e9 en&nbsp;garde \u00e0 vue \u00e0 Paris&nbsp;ou confront\u00e9 \u00e0 une&nbsp;proc\u00e9dure p\u00e9nale&nbsp;? Faire appel \u00e0 un&nbsp;<a href=\"https:\/\/www.loispamelalesot.com\/en\/avocate-penaliste-a-paris\/\" data-type=\"link\" data-id=\"https:\/\/www.loispamelalesot.com\/avocate-penaliste-a-paris\/\">avocat p\u00e9naliste<\/a>&nbsp;d\u00e8s les premi\u00e8res heures permet de garantir la protection de vos&nbsp;droits&nbsp;et pr\u00e9parer efficacement votre&nbsp;d\u00e9fense.<\/p>\n\n\n\n<h3 class=\"wp-block-heading\">Ma\u00eetre Lois Pamela LESOT, attorney at the Paris Bar, represents you throughout France<\/h3>\n\n\n\n<p>Holding degrees in criminal law, international criminal law, and business criminal law, and trained at leading French and British universities (King\u2019s College London, Paris I Panth\u00e9on-Sorbonne, Kent Law School), Ma\u00eetre Lois Pamela LESOT puts her expertise at the service of criminal defense throughout France, including the overseas territories.<\/p>\n\n\n\n<p>She assists you at every stage of the proceedings:<\/p>\n\n\n\n<ul class=\"wp-block-list\">\n<li>Filing a complaint<\/li>\n\n\n\n<li>Garde \u00e0 vue&nbsp;et auditions<\/li>\n\n\n\n<li>Instruction devant le juge d\u2019instruction<\/li>\n\n\n\n<li>Criminal court hearing<\/li>\n\n\n\n<li>Immediate appearance (fast-track trial)<\/li>\n\n\n\n<li>Audience devant la cour d\u2019assises ou la cour criminelle<\/li>\n\n\n\n<li>Application et am\u00e9nagement des peines<\/li>\n<\/ul>\n\n\n\n<p class=\"translation-block\">With experience gained in renowned law firms (<a href=\"https:\/\/www.loispamelalesot.com\/en\/cabinet-avi-bitton\/\" data-type=\"page\" data-id=\"1912\" target=\"_self\">Avi Bitton<\/a>, William Juli\u00e9, Collard &amp; Associ\u00e9s\u2026) and within courts (Paris Court of Appeal, International Criminal Court), she adopts a rigorous, human, and strategic approach to each case.<\/p>\n<\/div>\n<\/div>\n\n\n\n<div class=\"wp-block-columns is-layout-flex wp-container-core-columns-is-layout-37205074 wp-block-columns-is-layout-flex\" style=\"padding-top:43px;padding-bottom:43px\">\n<div class=\"wp-block-column is-layout-flow wp-block-column-is-layout-flow\" style=\"flex-basis:25%\"><\/div>\n\n\n\n<div class=\"wp-block-column is-layout-flow wp-block-column-is-layout-flow\" style=\"flex-basis:50%\">\n<h2 class=\"wp-block-heading has-text-align-center\">Intervention de l&rsquo;avocat en garde \u00e0 vue<\/h2>\n<\/div>\n\n\n\n<div class=\"wp-block-column is-layout-flow wp-block-column-is-layout-flow\" style=\"flex-basis:25%\"><\/div>\n<\/div>\n\n\n\n<style>\n  .penal-grid-container {\n    max-width: 1200px;\n    margin-bottom: 48px;\n    display: grid;\n    gap: 24px;\n    grid-template-columns: 1fr;\n  }\n\n  @media (min-width: 600px) {\n    .penal-grid-container {\n      grid-template-columns: repeat(2, 1fr);\n    }\n  }\n\n  @media (min-width: 1024px) {\n    .penal-grid-container {\n      grid-template-columns: repeat(4, 1fr);\n    }\n  }\n\n  .penal-grid-title {\n    font-size: 24px;\n    font-weight: bold;\n    margin-bottom: 16px;\n  }\n\n  .penal-grid-intro {\n    margin-bottom: 32px;\n    font-size: 16px;\n    line-height: 1.5;\n  }\n\n  .penal-grid-block {\n    padding: 16px;\n    border: 1px solid #ccc;\n  }\n\n  .penal-grid-block h3 {\n    font-size: 18px;\n    font-weight: bold;\n    margin-bottom: 8px;\n  }\n\n  .penal-grid-block ul {\n    padding-left: 20px;\n    margin: 0;\n  }\n<\/style>\n\n<div class=\"penal-grid-container\">\n  <div class=\"penal-grid-block\">\n    <h3>Assistance en garde \u00e0 vue<\/h3>\n    <ul>\n      <li>V\u00e9rification de la l\u00e9galit\u00e9 du placement en garde \u00e0 vue<\/li>\n      <li>V\u00e9rification du respect des droits de la personne gard\u00e9e \u00e0 vue<\/li>\n      <li>Entretien de 30 minutes avec le gard\u00e9 \u00e0 vue<\/li>\n      <li>Conseils sur le droit au silence ou les d\u00e9clarations \u00e0 faire<\/li>\n      <li>Pr\u00e9sence lors des auditions, avec possibilit\u00e9 de poser des questions et formuler des observations<\/li>\n      <li>Interventions aupr\u00e8s de l\u2019officier de police judiciaire en cas de besoin<\/li>\n    <\/ul>\n  <\/div>\n\n  <div class=\"penal-grid-block\">\n    <h3>Droits des personnes gard\u00e9es \u00e0 vue<\/h3>\n    <ul>\n      <li>Droit \u00e0 un avocat d\u00e8s le d\u00e9but de la garde \u00e0 vue<\/li>\n      <li>Droit d\u2019informer la personne de son choix<\/li>\n      <li>Droit d\u2019\u00eatre examin\u00e9 par un m\u00e9decin<\/li>\n      <li>Droit \u00e0 un interpr\u00e8te<\/li>\n      <li>Droit de consulter certains \u00e9l\u00e9ments de proc\u00e9dure<\/li>\n      <li>Droit de faire des d\u00e9clarations, r\u00e9pondre aux questions pos\u00e9es ou se taire<\/li>\n      <li>Droit \u00e0 l\u2019alimentation et \u00e0 un temps de repos entre les diff\u00e9rents actes<\/li>\n    <\/ul>\n  <\/div>\n\n  <div class=\"penal-grid-block\">\n    <h3>Assistance au long de la proc\u00e9dure p\u00e9nale<\/h3>\n    <ul>\n      <li>Audition libre et garde \u00e0 vue<\/li>\n      <li>D\u00e9ferrement et comparution imm\u00e9diate<\/li>\n      <li>Instruction devant le juge d\u2019instruction<\/li>\n      <li>Perquisitions, confrontations et autres actes d&rsquo;enqu\u00eate ou d&rsquo;instruction<\/li>\n      <li>Criminal court hearing<\/li>\n      <li>Audience devant la Cour d&rsquo;assises ou la Cour criminelle<\/li>\n    <\/ul>\n  <\/div>\n\n  <div class=\"penal-grid-block\">\n    <h3>D\u00e9fense p\u00e9nale \u00e0 Paris<\/h3>\n    <ul>\n      <li>Pr\u00e9paration et accompagnement aux auditions, interrogatoires et audiences<\/li>\n      <li>Demandes d&rsquo;actes de proc\u00e9dure<\/li>\n      <li>Demandes de mise en libert\u00e9<\/li>\n      <li>Contestations de proc\u00e9dure et nullit\u00e9s<\/li>\n      <li>Suivi apr\u00e8s les jugements et am\u00e9nagements de peine<\/li>\n    <\/ul>\n  <\/div>\n<\/div>\n\n\n\n<div class=\"wp-block-columns is-layout-flex wp-container-core-columns-is-layout-51c0b34d wp-block-columns-is-layout-flex\" style=\"padding-top:var(--wp--preset--spacing--50);padding-bottom:var(--wp--preset--spacing--50)\">\n<div class=\"wp-block-column is-layout-flow wp-block-column-is-layout-flow\" style=\"flex-basis:25%\"><\/div>\n\n\n\n<div class=\"wp-block-column is-layout-flow wp-block-column-is-layout-flow\" style=\"flex-basis:50%\">\n<h2 class=\"wp-block-heading has-text-align-center\">Les \u00e9tapes d\u2019une garde \u00e0 vue<\/h2>\n<\/div>\n\n\n\n<div class=\"wp-block-column is-layout-flow wp-block-column-is-layout-flow\" style=\"flex-basis:25%\"><\/div>\n<\/div>\n\n\n\n<style>\n  .penal-steps-container {\n    display: grid;\n    grid-template-columns: 1fr;\n    gap: 24px;\n    max-width: 1200px;\n    margin-bottom: 48px;\n  }\n\n  @media (min-width: 600px) {\n    .penal-steps-container {\n      grid-template-columns: repeat(2, 1fr);\n    }\n  }\n\n  @media (min-width: 1024px) {\n    .penal-steps-container {\n      grid-template-columns: repeat(4, 1fr);\n    }\n  }\n\n  .penal-step-block {\n    padding: 16px;\n    border: 1px solid #ccc;\n  }\n\n  .penal-step-block h3 {\n    font-size: 18px;\n    font-weight: bold;\n    margin-bottom: 8px;\n  }\n\n  .penal-step-block ul {\n    padding-left: 20px;\n    margin: 0 0 8px 0;\n  }\n\n  .penal-step-block p {\n    margin: 0;\n    line-height: 1.5;\n    font-size: 15px;\n  }\n<\/style>\n\n<div class=\"penal-steps-container\">\n  <div class=\"penal-step-block\">\n    <h3>1. Le placement en garde \u00e0 vue<\/h3>\n    <ul>\n      <li>D\u00e9cid\u00e9 par un officier de police judiciaire<\/li>\n      <li>Dur\u00e9e initiale : 24 heures (prolongeable)<\/li>\n      <li>Avec information au procureur de la R\u00e9publique<\/li>\n      <li>Et notification des droits du gard\u00e9 \u00e0 vue<\/li>\n    <\/ul>\n<br>\n    <p>\n      D\u00e8s le placement en garde \u00e0 vue, la pr\u00e9sence d\u2019un avocat est un droit fondamental. Il v\u00e9rifie la l\u00e9galit\u00e9 de la mesure et conseille la personne gard\u00e9e \u00e0 vue au cours d&rsquo;un entretien de 30 minutes.\n    <\/p>\n  <\/div>\n\n  <div class=\"penal-step-block\">\n    <h3>2. Les auditions de garde \u00e0 vue<\/h3>\n    <ul>\n      <li>Auditions d&rsquo;identit\u00e9 et auditions sur le fond<\/li>\n      <li>Droit de faire des d\u00e9clarations, r\u00e9pondre aux questions pos\u00e9es ou se taire<\/li>\n      <li>Acc\u00e8s de l\u2019avocat \u00e0 certains \u00e9l\u00e9ments du dossier<\/li>\n      <li>Possibilit\u00e9 pour l\u2019avocat de poser des questions et\/ou de formuler des observations<\/li>\n      <li>Importance de v\u00e9rifier les proc\u00e8s-verbaux avant signature<\/li>\n    <\/ul>\n<br>\n    <p>\n      L\u2019avocat du garde \u00e0 vue assiste son client lors des auditions men\u00e9es par la police, et veille au respect de ses droits et \u00e0 la l\u00e9galit\u00e9 de la proc\u00e9dure.\n    <\/p>\n  <\/div>\n\n  <div class=\"penal-step-block\">\n    <h3>3. Les autres actes d&rsquo;enqu\u00eate pouvant \u00eatre effectu\u00e9s au cours de la garde \u00e0 vue<\/h3>\n    <ul>\n      <li>Perquisitions<\/li>\n      <li>Confrontations<\/li>\n      <li>Expertises psychologiques\/psychiatriques<\/li>\n    <\/ul>\n<br>\n    <p>\n      L&rsquo;avocat pr\u00e9pare le gard\u00e9 \u00e0 vue pour l&rsquo;ensemble de ces actes pouvant \u00eatre effectu\u00e9s au cours de la garde \u00e0 vue.\n    <\/p>\n  <\/div>\n\n  <div class=\"penal-step-block\">\n    <h3>3. Les suites de la garde \u00e0 vue<\/h3>\n    <ul>\n      <li>Classement sans suite<\/li>\n      <li>Lib\u00e9ration pour poursuite de l&rsquo;enqu\u00eate ou attente de d\u00e9cision du Procureur<\/li>\n      <li>D\u00e9ferrement devant le Procureur<\/li>\n      <li>Immediate appearance (fast-track trial)<\/li>\n      <li>Convocation pour audience ult\u00e9rieure<\/li>\n      <li>Ouverture d\u2019une information judiciaire<\/li>\n    <\/ul>\n<br>\n    <p>\n      L\u2019avocat accompagne et conseille son client quelques soient les suites de la garde \u00e0 vue.\n    <\/p>\n  <\/div>\n\n\n\n<div class=\"inherit-container-width wp-block-group alignfull has-ast-global-color-5-background-color has-background is-layout-constrained wp-block-group-is-layout-constrained\"><div class=\"wp-block-group__inner-container\">\n<div class=\"wp-block-columns is-layout-flex wp-container-core-columns-is-layout-28f84493 wp-block-columns-is-layout-flex\">\n<div class=\"wp-block-column is-layout-flow wp-block-column-is-layout-flow\" style=\"flex-basis:25%\"><\/div>\n\n\n\n<div class=\"wp-block-column is-layout-flow wp-block-column-is-layout-flow\" style=\"flex-basis:50%\">\n<p><em><strong>Your Criminal Defense with Ma\u00eetre Lois Pamela LESOT<\/strong><\/em><\/p>\n\n\n\n<p class=\"translation-block\">Consult a lawyer: Ma\u00eetre Lois Pamela LESOT \u2013 +33 6 52 02 54 42 \u2013 <a href=\"mailto:lesot@loispamelalesot.com\" target=\"_self\">lesot@loispamelalesot.com<\/a><\/p>\n\n\n\n<p>Le cabinet intervient r\u00e9guli\u00e8rement dans l\u2019assistance et la d\u00e9fense de personnes&nbsp;plac\u00e9es en garde \u00e0 vue \u00e0 Paris et en r\u00e9gion parisienne, pour toutes les infractions p\u00e9nales (violences, viol, agression sexuelle, blanchiment, etc.)<\/p>\n\n\n\n<p><a href=\"https:\/\/www.loispamelalesot.com\/en\/avocate-en-affaires-criminelles-a-paris\/\">Avocate affaires criminelles \u00e0 Paris<\/a><br><a href=\"https:\/\/www.loispamelalesot.com\/en\/avocate-affaires-dagression-sexuelle-a-paris\/\">Avocate agression sexuelle \u00e0 Paris<\/a><br><a href=\"https:\/\/www.loispamelalesot.com\/en\/avocate-affaires-de-viol-a-paris\/\">Avocate affaires de viol \u00e0 Paris<\/a><br><a href=\"https:\/\/www.loispamelalesot.com\/en\/avocate-droit-de-lextradition-a-paris\/\">Avocate droit de l\u2019extradition \u00e0 Paris<\/a><br><a href=\"https:\/\/www.loispamelalesot.com\/en\/avocate-mandat-darret-europeen-a-paris\/\">Avocate mandat d\u2019arr\u00eat europ\u00e9en \u00e0 Paris<\/a><\/p>\n\n\n\n<div style=\"height:100px\" aria-hidden=\"true\" class=\"wp-block-spacer\"><\/div>\n\n\n\n<h2 class=\"wp-block-heading\">FAQ \u2013 Avocat garde \u00e0 vue Paris<\/h2>\n\n\n\n<h3 class=\"wp-block-heading\">Qu\u2019est-ce qu\u2019une garde \u00e0 vue selon le Code de proc\u00e9dure p\u00e9nale ?<\/h3>\n\n\n\n<p>La&nbsp;garde \u00e0 vue&nbsp;est une mesure de&nbsp;privation de libert\u00e9&nbsp;d\u00e9cid\u00e9e par un&nbsp;officier de police judiciaire&nbsp;lorsqu\u2019il existe des indices graves ou concordants contre une personne. Elle permet de la retenir, pour les besoins de l\u2019enqu\u00eate, sous le contr\u00f4le du&nbsp;procureur de la R\u00e9publique.<\/p>\n\n\n\n<p>Pendant toute la dur\u00e9e de la garde \u00e0 vue, la personne b\u00e9n\u00e9ficie de&nbsp;droits fondamentaux, dont celui d\u2019\u00eatre assist\u00e9e par un&nbsp;avocat.<\/p>\n\n\n\n<p>Pour plus d&rsquo;informations : <em><a href=\"https:\/\/www.loispamelalesot.com\/en\/2023\/04\/04\/la-garde-a-vue\/\" data-type=\"link\" data-id=\"https:\/\/www.loispamelalesot.com\/2023\/04\/04\/la-garde-a-vue\/\">article sur la garde \u00e0 vue<\/a><\/em>.<\/p>\n\n\n\n<h3 class=\"wp-block-heading\">Quelle est la dur\u00e9e maximale d\u2019une garde \u00e0 vue ?<\/h3>\n\n\n\n<ul class=\"wp-block-list\">\n<li>La dur\u00e9e initiale est de&nbsp;24 heures<\/li>\n\n\n\n<li>Elle peut \u00eatre&nbsp;prolong\u00e9e une fois&nbsp;par le procureur, soit&nbsp;48 heures maximum<\/li>\n\n\n\n<li>Dans certains cas sp\u00e9cifiques (criminalit\u00e9 organis\u00e9e, trafic de stup\u00e9fiants, terrorisme), la garde \u00e0 vue peut durer jusqu\u2019\u00e0&nbsp;96 heures, voire&nbsp;144 heures<\/li>\n<\/ul>\n\n\n\n<p> L\u2019avocat p\u00e9naliste&nbsp;v\u00e9rifie la&nbsp;l\u00e9galit\u00e9 de la prolongation&nbsp;et peut intervenir pour contester la mesure.<\/p>\n\n\n\n<h3 class=\"wp-block-heading\">Quels sont mes droits pendant une garde \u00e0 vue ?<\/h3>\n\n\n\n<p>La&nbsp;personne gard\u00e9e \u00e0 vue&nbsp;dispose de droits essentiels garantis par le&nbsp;Code de proc\u00e9dure p\u00e9nale&nbsp;:<\/p>\n\n\n\n<ul class=\"wp-block-list\">\n<li>\u00catre inform\u00e9 du placement en garde \u00e0 vue, de la dur\u00e9e possible de cette mesure et de la qualification de l\u2019infraction<\/li>\n\n\n\n<li>Faire pr\u00e9venir toute personne de son choix<\/li>\n\n\n\n<li>\u00catre examin\u00e9 par un m\u00e9decin<\/li>\n\n\n\n<li>\u00catre assist\u00e9 par un avocat, et b\u00e9n\u00e9ficier d\u2019un entretien de 30 minutes avec lui<\/li>\n\n\n\n<li>\u00catre assist\u00e9 d\u2019un interpr\u00e8te en cas de besoin&nbsp;<\/li>\n\n\n\n<li>Consulter certains proc\u00e8s-verbaux<\/li>\n\n\n\n<li>Pr\u00e9senter des observations au procureur de la R\u00e9publique ou au juge des libert\u00e9s et de la d\u00e9tention, lorsque qu\u2019il se prononce sur l\u2019\u00e9ventuelle prolongation de la garde \u00e0 vue<\/li>\n\n\n\n<li>Faire des d\u00e9clarations, r\u00e9pondre aux questions pos\u00e9es ou se taire<\/li>\n\n\n\n<li>Le droit \u00e0 l\u2019alimentation et \u00e0 un temps de repos entre les diff\u00e9rents actes<\/li>\n<\/ul>\n\n\n\n<p>L\u2019avocat veille \u00e0 ce que ces droits soient respect\u00e9s \u00e0 chaque \u00e9tape.<\/p>\n\n\n\n<h3 class=\"wp-block-heading\">Pourquoi faire appel \u00e0 un avocat pour une garde \u00e0 vue \u00e0 Paris ?<\/h3>\n\n\n\n<p>La garde \u00e0 vue est une \u00e9tape&nbsp;d\u00e9cisive&nbsp;dans une proc\u00e9dure p\u00e9nale. Chaque mot prononc\u00e9 peut avoir des cons\u00e9quences pour la suite de la proc\u00e9dure p\u00e9nale et, le cas \u00e9ch\u00e9ant, devant le&nbsp;tribunal correctionnel&nbsp;ou la&nbsp;cour d\u2019assises.<br><\/p>\n\n\n\n<p>Un&nbsp;avocat p\u00e9naliste \u00e0 Paris&nbsp;permet de :<\/p>\n\n\n\n<ul class=\"wp-block-list\">\n<li>V\u00e9rifier la&nbsp;l\u00e9galit\u00e9 du placement en garde \u00e0 vue<\/li>\n\n\n\n<li>Comprendre la mesure et ses droits<\/li>\n\n\n\n<li>Etre conseill\u00e9 sur la strat\u00e9gie de d\u00e9fense d\u00e8s les premi\u00e8res heures <\/li>\n\n\n\n<li>Etre assist\u00e9 lors des&nbsp;auditions&nbsp;devant la police<\/li>\n\n\n\n<li>Pr\u00e9parer la suite de la proc\u00e9dure (comparution imm\u00e9diate, mise en examen, d\u00e9bat devant le juge des libert\u00e9s et de la d\u00e9tention, etc.).<\/li>\n<\/ul>\n\n\n\n<h3 class=\"wp-block-heading\">Quand puis-je demander un avocat pendant ma garde \u00e0 vue ?<\/h3>\n\n\n\n<p>Le&nbsp;droit \u00e0 un avocat&nbsp;existe&nbsp;d\u00e8s le placement en garde \u00e0 vue.<br>Vous pouvez demander la pr\u00e9sence de votre&nbsp;avocat habituel&nbsp;ou qu\u2019un&nbsp;avocat commis d\u2019office au barreau de Paris soit d\u00e9sign\u00e9.<\/p>\n\n\n\n<p>L\u2019avocat peut consulter certains \u00e9l\u00e9ments du dossier, vous conseiller sur vos d\u00e9clarations et assister aux auditions.<\/p>\n\n\n\n<h3 class=\"wp-block-heading\">Que se passe-t-il \u00e0 la fin d\u2019une garde \u00e0 vue ?<\/h3>\n\n\n\n<p>\u00c0 l\u2019issue de la garde \u00e0 vue, plusieurs sc\u00e9narios sont possibles :<\/p>\n\n\n\n<ul class=\"wp-block-list\">\n<li>Classement sans suite<\/li>\n\n\n\n<li>Lib\u00e9ration pour poursuite de l&rsquo;enqu\u00eate ou attente de d\u00e9cision du Procureur<\/li>\n\n\n\n<li>D\u00e9ferrement devant le Procureur<\/li>\n\n\n\n<li>Immediate appearance (fast-track trial)<\/li>\n\n\n\n<li>Convocation pour audience ult\u00e9rieure<\/li>\n\n\n\n<li>Ouverture d\u2019une information judiciaire<\/li>\n\n\n\n<li>Placement sous contr\u00f4le judiciaire, assignation \u00e0 r\u00e9sidence ou d\u00e9tention provisoire<\/li>\n<\/ul>\n\n\n\n<p>Dans tous les cas, la pr\u00e9sence d\u2019un avocat est essentielle pour envisager la suite.<\/p>\n\n\n\n<h3 class=\"wp-block-heading\">Quels recours si mes droits n\u2019ont pas \u00e9t\u00e9 respect\u00e9s pendant la garde \u00e0 vue ?<\/h3>\n\n\n\n<p>Si la personne gard\u00e9e \u00e0 vue n\u2019a pas b\u00e9n\u00e9fici\u00e9 de ses droits (absence d\u2019avocat, d\u00e9passement de la dur\u00e9e l\u00e9gale, etc.), l\u2019avocat peut :<\/p>\n\n\n\n<ul class=\"wp-block-list\">\n<li>Demander la nullit\u00e9 de la garde \u00e0 vue<\/li>\n\n\n\n<li>Contester les proc\u00e8s-verbaux \u00e9tablis<\/li>\n\n\n\n<li>Utiliser ces irr\u00e9gularit\u00e9s comme argument de d\u00e9fense devant les juridictions<\/li>\n<\/ul>\n\n\n\n<h3 class=\"wp-block-heading\">Comment choisir un avocat pour une garde \u00e0 vue \u00e0 Paris ?<\/h3>\n\n\n\n<p>Un bon&nbsp;avocat pour garde \u00e0 vue Paris&nbsp;doit :<\/p>\n\n\n\n<ul class=\"wp-block-list\">\n<li>\u00catre&nbsp;un expert du droit p\u00e9nal.<\/li>\n\n\n\n<li>Avoir une&nbsp;exp\u00e9rience solide&nbsp;en mati\u00e8re de garde \u00e0 vue et de proc\u00e9dure p\u00e9nale<\/li>\n\n\n\n<li>\u00catre inscrit au&nbsp;barreau de Paris&nbsp;pour intervenir rapidement<\/li>\n\n\n\n<li>Offrir une&nbsp;disponibilit\u00e9 24h\/24 et 7j\/7, car les gardes \u00e0 vue peuvent survenir \u00e0 tout moment<\/li>\n<\/ul>\n\n\n\n<h3 class=\"wp-block-heading\">Mon avocat peut-il parler \u00e0 ma place en garde \u00e0 vue ?<\/h3>\n\n\n\n<p>Non. L\u2019avocat ne peut pas r\u00e9pondre aux questions \u00e0 votre place.<\/p>\n\n\n\n<p>En revanche, il est l\u00e0 pour :<\/p>\n\n\n\n<ul class=\"wp-block-list\">\n<li>Vous conseiller avant et pendant l\u2019audition<\/li>\n\n\n\n<li>Intervenir en cas de pression ou de non-respect de vos droits<\/li>\n\n\n\n<li>Vous poser des question set formuler des observations \u00e0 la fin de l&rsquo;audition en cas de besoin<\/li>\n\n\n\n<li>S\u2019assurer que vos propos sont fid\u00e8lement retranscrits dans le proc\u00e8s-verbal<\/li>\n<\/ul>\n\n\n\n<p class=\"translation-block\"><strong>Ma\u00eetre Lois Pamela LESOT<\/strong><br><strong>+33 6 52 02 54 42<\/strong><br><strong><a target=\"_self\">lesot@loispamelalesot.com<\/a><\/strong><\/p>\n<\/div>\n\n\n\n<div class=\"wp-block-column is-layout-flow wp-block-column-is-layout-flow\" style=\"flex-basis:25%\"><\/div>\n<\/div>\n<\/div><\/div>\n\n\n\n<p><\/p>","protected":false},"excerpt":{"rendered":"<p>Vous ou l&rsquo;un de vos proches \u00eates plac\u00e9 en&nbsp;garde \u00e0 vue \u00e0 Paris&nbsp;ou confront\u00e9 \u00e0 une&nbsp;proc\u00e9dure p\u00e9nale&nbsp;? Faire appel \u00e0 un&nbsp;avocat p\u00e9naliste&nbsp;d\u00e8s les premi\u00e8res heures permet de garantir la protection de vos&nbsp;droits&nbsp;et pr\u00e9parer efficacement votre&nbsp;d\u00e9fense. Ma\u00eetre Lois Pamela LESOT, avocate au barreau de Paris, vous d\u00e9fend partout en France Titulaire de dipl\u00f4mes en&nbsp;droit p\u00e9nal, en &hellip;<\/p>\n<p class=\"read-more\"> <a class=\"\" href=\"https:\/\/www.loispamelalesot.com\/en\/avocate-garde-a-vue-a-paris\/\"> <span class=\"screen-reader-text\">Avocate &#8211; Garde \u00e0 vue \u00e0 Paris<\/span> Read More &raquo;<\/a><\/p>","protected":false},"author":3,"featured_media":2268,"parent":0,"menu_order":0,"comment_status":"closed","ping_status":"closed","template":"","meta":{"site-sidebar-layout":"no-sidebar","site-content-layout":"plain-container","ast-global-header-display":"","ast-main-header-display":"","ast-hfb-above-header-display":"","ast-hfb-below-header-display":"","ast-hfb-mobile-header-display":"","site-post-title":"disabled","ast-breadcrumbs-content":"","ast-featured-img":"disabled","footer-sml-layout":"","theme-transparent-header-meta":"enabled","adv-header-id-meta":"","stick-header-meta":"","header-above-stick-meta":"","header-main-stick-meta":"","header-below-stick-meta":"","footnotes":""},"class_list":["post-2063","page","type-page","status-publish","has-post-thumbnail","hentry"],"_links":{"self":[{"href":"https:\/\/www.loispamelalesot.com\/en\/wp-json\/wp\/v2\/pages\/2063","targetHints":{"allow":["GET"]}}],"collection":[{"href":"https:\/\/www.loispamelalesot.com\/en\/wp-json\/wp\/v2\/pages"}],"about":[{"href":"https:\/\/www.loispamelalesot.com\/en\/wp-json\/wp\/v2\/types\/page"}],"author":[{"embeddable":true,"href":"https:\/\/www.loispamelalesot.com\/en\/wp-json\/wp\/v2\/users\/3"}],"replies":[{"embeddable":true,"href":"https:\/\/www.loispamelalesot.com\/en\/wp-json\/wp\/v2\/comments?post=2063"}],"version-history":[{"count":22,"href":"https:\/\/www.loispamelalesot.com\/en\/wp-json\/wp\/v2\/pages\/2063\/revisions"}],"predecessor-version":[{"id":2224,"href":"https:\/\/www.loispamelalesot.com\/en\/wp-json\/wp\/v2\/pages\/2063\/revisions\/2224"}],"wp:featuredmedia":[{"embeddable":true,"href":"https:\/\/www.loispamelalesot.com\/en\/wp-json\/wp\/v2\/media\/2268"}],"wp:attachment":[{"href":"https:\/\/www.loispamelalesot.com\/en\/wp-json\/wp\/v2\/media?parent=2063"}],"curies":[{"name":"wp","href":"https:\/\/api.w.org\/{rel}","templated":true}]}}