{"id":217,"date":"2020-05-12T03:43:03","date_gmt":"2020-05-12T03:43:03","guid":{"rendered":"http:\/\/www.loispamelalesot.com\/home\/"},"modified":"2024-06-11T18:32:52","modified_gmt":"2024-06-11T16:32:52","slug":"home","status":"publish","type":"page","link":"https:\/\/www.loispamelalesot.com\/en\/","title":{"rendered":"Home"},"content":{"rendered":"<div class=\"wp-block-cover alignfull is-light\" style=\"min-height:700px;aspect-ratio:unset;\"><span aria-hidden=\"true\" class=\"wp-block-cover__background has-cyan-bluish-gray-background-color has-background-dim-10 has-background-dim\"><\/span><img loading=\"lazy\" decoding=\"async\" width=\"2560\" height=\"1441\" class=\"wp-block-cover__image-background wp-image-1695\" alt=\"\" src=\"https:\/\/www.loispamelalesot.com\/wp-content\/uploads\/2024\/06\/robin-ooode-A5hD0BMzsbo-unsplash-scaled.jpg\" style=\"object-position:50% 7%\" data-object-fit=\"cover\" data-object-position=\"50% 7%\" srcset=\"https:\/\/www.loispamelalesot.com\/wp-content\/uploads\/2024\/06\/robin-ooode-A5hD0BMzsbo-unsplash-scaled.jpg 2560w, https:\/\/www.loispamelalesot.com\/wp-content\/uploads\/2024\/06\/robin-ooode-A5hD0BMzsbo-unsplash-300x169.jpg 300w, https:\/\/www.loispamelalesot.com\/wp-content\/uploads\/2024\/06\/robin-ooode-A5hD0BMzsbo-unsplash-1024x576.jpg 1024w, https:\/\/www.loispamelalesot.com\/wp-content\/uploads\/2024\/06\/robin-ooode-A5hD0BMzsbo-unsplash-768x432.jpg 768w, https:\/\/www.loispamelalesot.com\/wp-content\/uploads\/2024\/06\/robin-ooode-A5hD0BMzsbo-unsplash-1536x864.jpg 1536w, https:\/\/www.loispamelalesot.com\/wp-content\/uploads\/2024\/06\/robin-ooode-A5hD0BMzsbo-unsplash-2048x1153.jpg 2048w\" sizes=\"auto, (max-width: 2560px) 100vw, 2560px\" \/><div class=\"wp-block-cover__inner-container is-layout-flow wp-block-cover-is-layout-flow\">\n<h1 class=\"wp-block-heading has-text-align-center has-ast-global-color-5-color has-text-color\" style=\"font-size:66px;font-style:normal;font-weight:100\">Lois Pamela LESOT<\/h1>\n\n\n\n<p class=\"has-text-align-center has-ast-global-color-5-color has-text-color\" style=\"font-size:27px;text-transform:capitalize\"><strong>Attorney at the Paris Bar<\/strong><\/p>\n\n\n\n<p><\/p>\n\n\n\n<div class=\"wp-block-buttons is-horizontal is-content-justification-center is-layout-flex wp-container-core-buttons-is-layout-03627597 wp-block-buttons-is-layout-flex\">\n<div class=\"wp-block-button is-style-fill\"><a class=\"wp-block-button__link has-ast-global-color-2-color has-ast-global-color-5-background-color has-text-color has-background wp-element-button\" href=\"http:\/\/www.loispamelalesot.com\/en\/expertise\/\" rel=\"#\">Expertise<\/a><\/div>\n\n\n\n<div class=\"wp-block-button\"><a class=\"wp-block-button__link has-ast-global-color-5-color has-ast-global-color-3-background-color has-text-color has-background wp-element-button\" href=\"http:\/\/www.loispamelalesot.com\/en\/avocate\/\">About<\/a><\/div>\n<\/div>\n<\/div><\/div>\n\n\n\n<div class=\"inherit-container-width wp-block-group alignfull has-ast-global-color-5-background-color has-background is-layout-constrained wp-block-group-is-layout-constrained\"><div class=\"wp-block-group__inner-container\">\n<div class=\"wp-block-columns is-layout-flex wp-container-core-columns-is-layout-28f84493 wp-block-columns-is-layout-flex\">\n<div class=\"wp-block-column is-vertically-aligned-top is-layout-flow wp-block-column-is-layout-flow\">\n<div class=\"wp-block-cover is-light wp-duotone-000000-7f7f7f-1\" style=\"min-height:217px;aspect-ratio:unset;\"><span aria-hidden=\"true\" class=\"wp-block-cover__background has-ast-global-color-1-background-color has-background-dim-0 has-background-dim\"><\/span><img loading=\"lazy\" decoding=\"async\" width=\"2355\" height=\"2355\" class=\"wp-block-cover__image-background wp-image-662\" alt=\"\" src=\"http:\/\/www.loispamelalesot.com\/wp-content\/uploads\/2022\/03\/IMG_20220124_203933_803.jpg\" style=\"object-position:50% 50%\" data-object-fit=\"cover\" data-object-position=\"50% 50%\" srcset=\"https:\/\/www.loispamelalesot.com\/wp-content\/uploads\/2022\/03\/IMG_20220124_203933_803.jpg 2355w, https:\/\/www.loispamelalesot.com\/wp-content\/uploads\/2022\/03\/IMG_20220124_203933_803-300x300.jpg 300w, https:\/\/www.loispamelalesot.com\/wp-content\/uploads\/2022\/03\/IMG_20220124_203933_803-1024x1024.jpg 1024w, https:\/\/www.loispamelalesot.com\/wp-content\/uploads\/2022\/03\/IMG_20220124_203933_803-150x150.jpg 150w, https:\/\/www.loispamelalesot.com\/wp-content\/uploads\/2022\/03\/IMG_20220124_203933_803-768x768.jpg 768w, https:\/\/www.loispamelalesot.com\/wp-content\/uploads\/2022\/03\/IMG_20220124_203933_803-1536x1536.jpg 1536w, https:\/\/www.loispamelalesot.com\/wp-content\/uploads\/2022\/03\/IMG_20220124_203933_803-2048x2048.jpg 2048w\" sizes=\"auto, (max-width: 2355px) 100vw, 2355px\" \/><div class=\"wp-block-cover__inner-container is-layout-flow wp-block-cover-is-layout-flow\">\n<h2 class=\"wp-block-heading has-text-align-center has-ast-global-color-5-color has-text-color\" style=\"font-size:27px;text-transform:capitalize\">Criminal Law <\/h2>\n<\/div><\/div>\n<\/div>\n\n\n\n<div class=\"wp-block-column is-vertically-aligned-top is-layout-flow wp-block-column-is-layout-flow\">\n<div class=\"wp-block-cover is-light wp-duotone-000000-7f7f7f-2\" style=\"min-height:218px;aspect-ratio:unset;\"><span aria-hidden=\"true\" class=\"wp-block-cover__background has-ast-global-color-1-background-color has-background-dim-0 has-background-dim\"><\/span><img loading=\"lazy\" decoding=\"async\" width=\"1076\" height=\"1076\" class=\"wp-block-cover__image-background wp-image-663\" alt=\"\" src=\"http:\/\/www.loispamelalesot.com\/wp-content\/uploads\/2022\/03\/IMG_20211119_205823_664.jpg\" style=\"object-position:50% 50%\" data-object-fit=\"cover\" data-object-position=\"50% 50%\" srcset=\"https:\/\/www.loispamelalesot.com\/wp-content\/uploads\/2022\/03\/IMG_20211119_205823_664.jpg 1076w, https:\/\/www.loispamelalesot.com\/wp-content\/uploads\/2022\/03\/IMG_20211119_205823_664-300x300.jpg 300w, https:\/\/www.loispamelalesot.com\/wp-content\/uploads\/2022\/03\/IMG_20211119_205823_664-1024x1024.jpg 1024w, https:\/\/www.loispamelalesot.com\/wp-content\/uploads\/2022\/03\/IMG_20211119_205823_664-150x150.jpg 150w, https:\/\/www.loispamelalesot.com\/wp-content\/uploads\/2022\/03\/IMG_20211119_205823_664-768x768.jpg 768w\" sizes=\"auto, (max-width: 1076px) 100vw, 1076px\" \/><div class=\"wp-block-cover__inner-container is-layout-flow wp-block-cover-is-layout-flow\">\n<h2 class=\"wp-block-heading has-text-align-center has-white-color has-text-color\" style=\"font-size:27px;text-transform:capitalize\">European and International Criminal Law<\/h2>\n<\/div><\/div>\n<\/div>\n\n\n\n<div class=\"wp-block-column is-vertically-aligned-top is-layout-flow wp-block-column-is-layout-flow\">\n<div class=\"wp-block-cover aligncenter wp-duotone-000000-ffffff-3\" style=\"min-height:218px;aspect-ratio:unset;\"><span aria-hidden=\"true\" class=\"wp-block-cover__background has-background-dim\"><\/span><img decoding=\"async\" class=\"wp-block-cover__image-background wp-image-807\" alt=\"\" src=\"http:\/\/www.loispamelalesot.com\/wp-content\/uploads\/2022\/07\/SmartSelect_20220511-115415_Instagram-3-1020x1024.jpg\" data-object-fit=\"cover\"\/><div class=\"wp-block-cover__inner-container is-layout-flow wp-block-cover-is-layout-flow\">\n<p class=\"has-text-align-center\" style=\"font-size:27px;text-transform:capitalize\">Business Criminal Law<\/p>\n<\/div><\/div>\n<\/div>\n\n\n\n<div class=\"wp-block-column is-layout-flow wp-block-column-is-layout-flow\">\n<div class=\"wp-block-cover is-light wp-duotone-000000-7f7f7f-4\" style=\"min-height:217px;aspect-ratio:unset;\"><span aria-hidden=\"true\" class=\"wp-block-cover__background has-ast-global-color-1-background-color has-background-dim-0 has-background-dim\"><\/span><img loading=\"lazy\" decoding=\"async\" width=\"1080\" height=\"1080\" class=\"wp-block-cover__image-background wp-image-665\" alt=\"\" src=\"http:\/\/www.loispamelalesot.com\/wp-content\/uploads\/2022\/03\/IMG_20211216_172119_508.jpg\" style=\"object-position:50% 50%\" data-object-fit=\"cover\" data-object-position=\"50% 50%\" srcset=\"https:\/\/www.loispamelalesot.com\/wp-content\/uploads\/2022\/03\/IMG_20211216_172119_508.jpg 1080w, https:\/\/www.loispamelalesot.com\/wp-content\/uploads\/2022\/03\/IMG_20211216_172119_508-300x300.jpg 300w, https:\/\/www.loispamelalesot.com\/wp-content\/uploads\/2022\/03\/IMG_20211216_172119_508-1024x1024.jpg 1024w, https:\/\/www.loispamelalesot.com\/wp-content\/uploads\/2022\/03\/IMG_20211216_172119_508-150x150.jpg 150w, https:\/\/www.loispamelalesot.com\/wp-content\/uploads\/2022\/03\/IMG_20211216_172119_508-768x768.jpg 768w\" sizes=\"auto, (max-width: 1080px) 100vw, 1080px\" \/><div class=\"wp-block-cover__inner-container is-layout-flow wp-block-cover-is-layout-flow\">\n<h2 class=\"wp-block-heading has-text-align-center has-white-color has-text-color\" style=\"font-size:27px;text-transform:capitalize\">Media and Press Law<\/h2>\n<\/div><\/div>\n<\/div>\n\n\n\n<div class=\"wp-block-column is-vertically-aligned-top is-layout-flow wp-block-column-is-layout-flow\">\n<div class=\"wp-block-cover wp-duotone-000000-ffffff-5\" style=\"min-height:217px;aspect-ratio:unset;\"><span aria-hidden=\"true\" class=\"wp-block-cover__background has-background-dim\"><\/span><img loading=\"lazy\" decoding=\"async\" width=\"1024\" height=\"1024\" class=\"wp-block-cover__image-background wp-image-808\" alt=\"\" src=\"http:\/\/www.loispamelalesot.com\/wp-content\/uploads\/2022\/07\/IMG_20220513_195642_782-3-1024x1024.jpg\" data-object-fit=\"cover\" srcset=\"https:\/\/www.loispamelalesot.com\/wp-content\/uploads\/2022\/07\/IMG_20220513_195642_782-3-1024x1024.jpg 1024w, https:\/\/www.loispamelalesot.com\/wp-content\/uploads\/2022\/07\/IMG_20220513_195642_782-3-300x300.jpg 300w, https:\/\/www.loispamelalesot.com\/wp-content\/uploads\/2022\/07\/IMG_20220513_195642_782-3-150x150.jpg 150w, https:\/\/www.loispamelalesot.com\/wp-content\/uploads\/2022\/07\/IMG_20220513_195642_782-3-768x768.jpg 768w, https:\/\/www.loispamelalesot.com\/wp-content\/uploads\/2022\/07\/IMG_20220513_195642_782-3-1536x1536.jpg 1536w, https:\/\/www.loispamelalesot.com\/wp-content\/uploads\/2022\/07\/IMG_20220513_195642_782-3-2048x2048.jpg 2048w\" sizes=\"auto, (max-width: 1024px) 100vw, 1024px\" \/><div class=\"wp-block-cover__inner-container is-layout-flow wp-block-cover-is-layout-flow\">\n<p class=\"has-text-align-center\" style=\"font-size:27px;text-transform:capitalize\">Criminal Procedure<\/p>\n<\/div><\/div>\n<\/div>\n<\/div>\n<\/div><\/div>\n\n\n\n<div class=\"inherit-container-width wp-block-group alignfull has-ast-global-color-5-background-color has-background is-layout-constrained wp-block-group-is-layout-constrained\"><div class=\"wp-block-group__inner-container\">\n<div class=\"wp-block-columns is-layout-flex wp-container-core-columns-is-layout-28f84493 wp-block-columns-is-layout-flex\">\n<div class=\"wp-block-column is-layout-flow wp-block-column-is-layout-flow\">\n<blockquote class=\"wp-block-quote is-style-large is-layout-flow wp-block-quote-is-layout-flow\">\n<p><em>I defend your interests throughout the entire criminal procedure<\/em><br><\/p>\n<\/blockquote>\n<\/div>\n\n\n\n<div class=\"wp-block-column is-layout-flow wp-block-column-is-layout-flow\">\n<p>Me Lois Pamela LESOT, attorney at the Paris Bar, provides you with advice, assistance, and representation, whether you are a defendant or a victim of criminal offences.<\/p>\n\n\n\n<p class=\"has-text-align-left\">Your criminal defense lawyer assists you at every stage of the proceedings, from the investigation phase (filing a complaint, voluntary interview, police custody, formal investigation, pre-trial detention, etc.) through to your appearance before the trial courts (Police Court, Criminal Court, Assize Court, etc.), as well as during sentence adjustments.<\/p>\n\n\n\n<p>Me Lois Pamela LESOT, a criminal lawyer registered with the Paris Bar, practices throughout the Paris region and across France. Her work is not limited to Paris: Me Lois Pamela LESOT represents you before all French courts.<\/p>\n\n\n\n<p class=\"translation-block\"><em>Languages: French and <a href=\"https:\/\/www.loispamelalesot.com\/en\/criminal-lawyer\/\" data-type=\"link\" data-id=\"https:\/\/www.loispamelalesot.com\/criminal-lawyer\/\" target=\"_self\">English<\/a><\/em><\/p>\n\n\n\n<p class=\"has-text-align-center has-ast-global-color-4-background-color has-background translation-block\"><strong><mark class=\"has-inline-color has-ast-global-color-3-color\"><span style=\"text-decoration: underline\">IN CASE OF EMERGENCY<\/span> (police custody, formal investigation, detention, etc.): contact Me Lois Pamela LESOT 24\/7 at +33 6 52 02 54 42<\/mark><\/strong><\/p>\n\n\n\n<div class=\"wp-block-buttons is-content-justification-center is-layout-flex wp-container-core-buttons-is-layout-a89b3969 wp-block-buttons-is-layout-flex\">\n<div class=\"wp-block-button\"><a class=\"wp-block-button__link wp-element-button\" href=\"http:\/\/www.loispamelalesot.com\/en\/contact\/\">CONTACT<\/a><\/div>\n<\/div>\n<\/div>\n<\/div>\n<\/div><\/div>\n\n\n\n<div class=\"inherit-container-width wp-block-group alignfull has-ast-global-color-4-background-color has-background is-layout-constrained wp-block-group-is-layout-constrained\"><div class=\"wp-block-group__inner-container\">\n<div class=\"wp-block-columns is-layout-flex wp-container-core-columns-is-layout-28f84493 wp-block-columns-is-layout-flex\">\n<div class=\"wp-block-column is-vertically-aligned-center is-layout-flow wp-block-column-is-layout-flow\">\n<figure class=\"wp-block-image aligncenter size-large is-resized\"><img loading=\"lazy\" decoding=\"async\" width=\"1024\" height=\"1024\" src=\"http:\/\/www.loispamelalesot.com\/wp-content\/uploads\/2022\/03\/IMG_20211030_144315_896-1024x1024.jpg\" alt=\"\" class=\"wp-image-670\" style=\"width:210px;height:210px\" srcset=\"https:\/\/www.loispamelalesot.com\/wp-content\/uploads\/2022\/03\/IMG_20211030_144315_896-1024x1024.jpg 1024w, https:\/\/www.loispamelalesot.com\/wp-content\/uploads\/2022\/03\/IMG_20211030_144315_896-300x300.jpg 300w, https:\/\/www.loispamelalesot.com\/wp-content\/uploads\/2022\/03\/IMG_20211030_144315_896-150x150.jpg 150w, https:\/\/www.loispamelalesot.com\/wp-content\/uploads\/2022\/03\/IMG_20211030_144315_896-768x768.jpg 768w, https:\/\/www.loispamelalesot.com\/wp-content\/uploads\/2022\/03\/IMG_20211030_144315_896-1536x1536.jpg 1536w, https:\/\/www.loispamelalesot.com\/wp-content\/uploads\/2022\/03\/IMG_20211030_144315_896-2048x2048.jpg 2048w\" sizes=\"auto, (max-width: 1024px) 100vw, 1024px\" \/><\/figure>\n<\/div>\n\n\n\n<div class=\"wp-block-column is-vertically-aligned-center is-layout-flow wp-block-column-is-layout-flow\">\n<figure class=\"wp-block-image aligncenter size-large is-resized wp-duotone-000000-ffffff-6\"><img loading=\"lazy\" decoding=\"async\" width=\"1024\" height=\"1024\" src=\"http:\/\/www.loispamelalesot.com\/wp-content\/uploads\/2022\/07\/image-1024x1024.png\" alt=\"\" class=\"wp-image-800\" style=\"width:212px;height:212px\" srcset=\"https:\/\/www.loispamelalesot.com\/wp-content\/uploads\/2022\/07\/image.png 1024w, https:\/\/www.loispamelalesot.com\/wp-content\/uploads\/2022\/07\/image-300x300.png 300w, https:\/\/www.loispamelalesot.com\/wp-content\/uploads\/2022\/07\/image-150x150.png 150w, https:\/\/www.loispamelalesot.com\/wp-content\/uploads\/2022\/07\/image-768x768.png 768w\" sizes=\"auto, (max-width: 1024px) 100vw, 1024px\" \/><\/figure>\n<\/div>\n\n\n\n<div class=\"wp-block-column is-vertically-aligned-center is-layout-flow wp-block-column-is-layout-flow\">\n<figure class=\"wp-block-image aligncenter size-large is-resized\"><img loading=\"lazy\" decoding=\"async\" width=\"1024\" height=\"1024\" src=\"http:\/\/www.loispamelalesot.com\/wp-content\/uploads\/2022\/03\/IMG_20220216_143123_543-1024x1024.jpg\" alt=\"\" class=\"wp-image-671\" style=\"width:212px;height:212px\" srcset=\"https:\/\/www.loispamelalesot.com\/wp-content\/uploads\/2022\/03\/IMG_20220216_143123_543-1024x1024.jpg 1024w, https:\/\/www.loispamelalesot.com\/wp-content\/uploads\/2022\/03\/IMG_20220216_143123_543-300x300.jpg 300w, https:\/\/www.loispamelalesot.com\/wp-content\/uploads\/2022\/03\/IMG_20220216_143123_543-150x150.jpg 150w, https:\/\/www.loispamelalesot.com\/wp-content\/uploads\/2022\/03\/IMG_20220216_143123_543-768x768.jpg 768w, https:\/\/www.loispamelalesot.com\/wp-content\/uploads\/2022\/03\/IMG_20220216_143123_543-1536x1536.jpg 1536w, https:\/\/www.loispamelalesot.com\/wp-content\/uploads\/2022\/03\/IMG_20220216_143123_543-2048x2048.jpg 2048w\" sizes=\"auto, (max-width: 1024px) 100vw, 1024px\" \/><\/figure>\n<\/div>\n\n\n\n<div class=\"wp-block-column is-vertically-aligned-center is-layout-flow wp-block-column-is-layout-flow\">\n<figure class=\"wp-block-image aligncenter size-large is-resized wp-duotone-000000-ffffff-7\"><img loading=\"lazy\" decoding=\"async\" width=\"1024\" height=\"1024\" src=\"http:\/\/www.loispamelalesot.com\/wp-content\/uploads\/2022\/03\/IMG_20220211_090554_101-1024x1024.jpg\" alt=\"\" class=\"wp-image-675\" style=\"width:213px;height:213px\" srcset=\"https:\/\/www.loispamelalesot.com\/wp-content\/uploads\/2022\/03\/IMG_20220211_090554_101-1024x1024.jpg 1024w, https:\/\/www.loispamelalesot.com\/wp-content\/uploads\/2022\/03\/IMG_20220211_090554_101-300x300.jpg 300w, https:\/\/www.loispamelalesot.com\/wp-content\/uploads\/2022\/03\/IMG_20220211_090554_101-150x150.jpg 150w, https:\/\/www.loispamelalesot.com\/wp-content\/uploads\/2022\/03\/IMG_20220211_090554_101-768x768.jpg 768w, https:\/\/www.loispamelalesot.com\/wp-content\/uploads\/2022\/03\/IMG_20220211_090554_101.jpg 1055w\" sizes=\"auto, (max-width: 1024px) 100vw, 1024px\" \/><\/figure>\n<\/div>\n\n\n\n<div class=\"wp-block-column is-layout-flow wp-block-column-is-layout-flow\">\n<figure class=\"wp-block-image aligncenter size-large is-resized is-style-default\"><img loading=\"lazy\" decoding=\"async\" width=\"1024\" height=\"1024\" src=\"http:\/\/www.loispamelalesot.com\/wp-content\/uploads\/2022\/03\/SmartSelect_20211119-203916_Instagram-1024x1024.jpg\" alt=\"\" class=\"wp-image-672\" style=\"width:207px;height:207px\" srcset=\"https:\/\/www.loispamelalesot.com\/wp-content\/uploads\/2022\/03\/SmartSelect_20211119-203916_Instagram-1024x1024.jpg 1024w, https:\/\/www.loispamelalesot.com\/wp-content\/uploads\/2022\/03\/SmartSelect_20211119-203916_Instagram-300x300.jpg 300w, https:\/\/www.loispamelalesot.com\/wp-content\/uploads\/2022\/03\/SmartSelect_20211119-203916_Instagram-150x150.jpg 150w, https:\/\/www.loispamelalesot.com\/wp-content\/uploads\/2022\/03\/SmartSelect_20211119-203916_Instagram-768x768.jpg 768w, https:\/\/www.loispamelalesot.com\/wp-content\/uploads\/2022\/03\/SmartSelect_20211119-203916_Instagram.jpg 1076w\" sizes=\"auto, (max-width: 1024px) 100vw, 1024px\" \/><\/figure>\n<\/div>\n<\/div>\n\n\n\n<div class=\"wp-block-columns is-layout-flex wp-container-core-columns-is-layout-28f84493 wp-block-columns-is-layout-flex\">\n<div class=\"wp-block-column is-layout-flow wp-block-column-is-layout-flow\"><\/div>\n<\/div>\n<\/div><\/div>\n\n\n\n<p><\/p>","protected":false},"excerpt":{"rendered":"<p>J&rsquo;assure la d\u00e9fense de vos int\u00e9r\u00eats tout au long de la proc\u00e9dure p\u00e9nale Me Lois Pamela LESOT, avocate au Barreau de Paris, vous apporte conseils, assistance et d\u00e9fense de vos int\u00e9r\u00eats, que vous soyez auteurs ou victimes d\u2019infractions p\u00e9nales. Votre avocate p\u00e9naliste vous accompagne \u00e0 tous les stades de la proc\u00e9dure, depuis l\u2019enqu\u00eate (d\u00e9p\u00f4t de &hellip;<\/p>\n<p class=\"read-more\"> <a class=\"\" href=\"https:\/\/www.loispamelalesot.com\/en\/\"> <span class=\"screen-reader-text\">Home<\/span> Read More &raquo;<\/a><\/p>","protected":false},"author":2,"featured_media":0,"parent":0,"menu_order":0,"comment_status":"closed","ping_status":"closed","template":"","meta":{"site-sidebar-layout":"no-sidebar","site-content-layout":"plain-container","ast-global-header-display":"","ast-main-header-display":"","ast-hfb-above-header-display":"","ast-hfb-below-header-display":"","ast-hfb-mobile-header-display":"","site-post-title":"disabled","ast-breadcrumbs-content":"","ast-featured-img":"disabled","footer-sml-layout":"","theme-transparent-header-meta":"enabled","adv-header-id-meta":"","stick-header-meta":"","header-above-stick-meta":"","header-main-stick-meta":"","header-below-stick-meta":"","footnotes":""},"class_list":["post-217","page","type-page","status-publish","hentry"],"_links":{"self":[{"href":"https:\/\/www.loispamelalesot.com\/en\/wp-json\/wp\/v2\/pages\/217","targetHints":{"allow":["GET"]}}],"collection":[{"href":"https:\/\/www.loispamelalesot.com\/en\/wp-json\/wp\/v2\/pages"}],"about":[{"href":"https:\/\/www.loispamelalesot.com\/en\/wp-json\/wp\/v2\/types\/page"}],"author":[{"embeddable":true,"href":"https:\/\/www.loispamelalesot.com\/en\/wp-json\/wp\/v2\/users\/2"}],"replies":[{"embeddable":true,"href":"https:\/\/www.loispamelalesot.com\/en\/wp-json\/wp\/v2\/comments?post=217"}],"version-history":[{"count":54,"href":"https:\/\/www.loispamelalesot.com\/en\/wp-json\/wp\/v2\/pages\/217\/revisions"}],"predecessor-version":[{"id":1709,"href":"https:\/\/www.loispamelalesot.com\/en\/wp-json\/wp\/v2\/pages\/217\/revisions\/1709"}],"wp:attachment":[{"href":"https:\/\/www.loispamelalesot.com\/en\/wp-json\/wp\/v2\/media?parent=217"}],"curies":[{"name":"wp","href":"https:\/\/api.w.org\/{rel}","templated":true}]}}