{"id":218,"date":"2020-05-12T03:43:04","date_gmt":"2020-05-12T03:43:04","guid":{"rendered":"http:\/\/www.loispamelalesot.com\/about\/"},"modified":"2025-09-22T15:06:08","modified_gmt":"2025-09-22T13:06:08","slug":"avocate","status":"publish","type":"page","link":"https:\/\/www.loispamelalesot.com\/en\/avocate\/","title":{"rendered":"Presentation"},"content":{"rendered":"<div class=\"wp-block-cover alignfull\" style=\"min-height:380px;aspect-ratio:unset;\"><img loading=\"lazy\" decoding=\"async\" width=\"2560\" height=\"1441\" class=\"wp-block-cover__image-background wp-image-1695\" alt=\"\" src=\"https:\/\/www.loispamelalesot.com\/wp-content\/uploads\/2024\/06\/robin-ooode-A5hD0BMzsbo-unsplash-scaled.jpg\" style=\"object-position:50% 0%\" data-object-fit=\"cover\" data-object-position=\"50% 0%\" srcset=\"https:\/\/www.loispamelalesot.com\/wp-content\/uploads\/2024\/06\/robin-ooode-A5hD0BMzsbo-unsplash-scaled.jpg 2560w, https:\/\/www.loispamelalesot.com\/wp-content\/uploads\/2024\/06\/robin-ooode-A5hD0BMzsbo-unsplash-300x169.jpg 300w, https:\/\/www.loispamelalesot.com\/wp-content\/uploads\/2024\/06\/robin-ooode-A5hD0BMzsbo-unsplash-1024x576.jpg 1024w, https:\/\/www.loispamelalesot.com\/wp-content\/uploads\/2024\/06\/robin-ooode-A5hD0BMzsbo-unsplash-768x432.jpg 768w, https:\/\/www.loispamelalesot.com\/wp-content\/uploads\/2024\/06\/robin-ooode-A5hD0BMzsbo-unsplash-1536x864.jpg 1536w, https:\/\/www.loispamelalesot.com\/wp-content\/uploads\/2024\/06\/robin-ooode-A5hD0BMzsbo-unsplash-2048x1153.jpg 2048w\" sizes=\"auto, (max-width: 2560px) 100vw, 2560px\" \/><span aria-hidden=\"true\" class=\"wp-block-cover__background has-ast-global-color-1-background-color has-background-dim-20 has-background-dim\"><\/span><div class=\"wp-block-cover__inner-container is-layout-flow wp-block-cover-is-layout-flow\">\n<h1 class=\"wp-block-heading has-text-align-center has-white-color has-text-color\">Presentation<\/h1>\n<\/div><\/div>\n\n\n\n<div class=\"inherit-container-width wp-block-group alignfull has-ast-global-color-5-background-color has-background is-layout-constrained wp-block-group-is-layout-constrained\"><div class=\"wp-block-group__inner-container\">\n<div class=\"wp-block-columns is-layout-flex wp-container-core-columns-is-layout-28f84493 wp-block-columns-is-layout-flex\">\n<div class=\"wp-block-column is-layout-flow wp-block-column-is-layout-flow\">\n<h2 class=\"wp-block-heading\" style=\"text-transform:capitalize\"><\/h2>\n\n\n\n<div class=\"wp-block-columns is-layout-flex wp-container-core-columns-is-layout-28f84493 wp-block-columns-is-layout-flex\">\n<div class=\"wp-block-column is-layout-flow wp-block-column-is-layout-flow\" style=\"flex-basis:100%\">\n<figure class=\"wp-block-image size-large is-style-rounded wp-duotone-grayscale\"><img loading=\"lazy\" decoding=\"async\" width=\"1024\" height=\"1017\" src=\"https:\/\/www.loispamelalesot.com\/wp-content\/uploads\/2025\/09\/WhatsApp-Image-2025-09-11-at-17.49.14-6-1024x1017.jpeg\" alt=\"\" class=\"wp-image-2178\" srcset=\"https:\/\/www.loispamelalesot.com\/wp-content\/uploads\/2025\/09\/WhatsApp-Image-2025-09-11-at-17.49.14-6-1024x1017.jpeg 1024w, https:\/\/www.loispamelalesot.com\/wp-content\/uploads\/2025\/09\/WhatsApp-Image-2025-09-11-at-17.49.14-6-300x298.jpeg 300w, https:\/\/www.loispamelalesot.com\/wp-content\/uploads\/2025\/09\/WhatsApp-Image-2025-09-11-at-17.49.14-6-150x150.jpeg 150w, https:\/\/www.loispamelalesot.com\/wp-content\/uploads\/2025\/09\/WhatsApp-Image-2025-09-11-at-17.49.14-6-768x763.jpeg 768w, https:\/\/www.loispamelalesot.com\/wp-content\/uploads\/2025\/09\/WhatsApp-Image-2025-09-11-at-17.49.14-6.jpeg 1043w\" sizes=\"auto, (max-width: 1024px) 100vw, 1024px\" \/><\/figure>\n<\/div>\n<\/div>\n<\/div>\n\n\n\n<div class=\"wp-block-column is-layout-flow wp-block-column-is-layout-flow\" style=\"flex-basis:800px\">\n<p>After completing a dual four-year degree in English and French law at King\u2019s College London and Paris I Panth\u00e9on-Sorbonne, Me Lois Pamela LESOT pursued an LL.M. in International Criminal Law at Kent Law School and a Master\u2019s degree (Master 2) in International and Business Criminal Law at Paris I Panth\u00e9on-Sorbonne.<\/p>\n\n\n\n<p class=\"translation-block\">She has applied the knowledge gained from her studies through numerous experiences in law firms, including <a href=\"https:\/\/www.loispamelalesot.com\/en\/cabinet-avi-bitton\/\" data-type=\"link\" data-id=\"https:\/\/www.avibitton.com\/\" target=\"_blank\" rel=\"noreferrer noopener\">Avi BITTON<\/a>, William Juli\u00e9, Chatain &amp; Associ\u00e9s, Collard &amp; Associ\u00e9s, and Moinas &amp; Savoye, as well as within courts such as the Paris Court of Appeal and the International Criminal Court.<\/p>\n\n\n\n<p class=\"translation-block\">Registered with the Paris Bar since 2020, Ma\u00eetre Lois Pamela LESOT, <a href=\"https:\/\/www.loispamelalesot.com\/en\/avocate-penaliste-a-paris\/\" target=\"_self\">criminal defense lawyer<\/a>, defends your interests before all criminal courts throughout France, including in overseas departments.<\/p>\n\n\n\n<p class=\"translation-block\">Ma\u00eetre Lois Pamela LESOT is registered on the list of volunteer lawyers for criminal duty rosters and police custody assistance with the <a href=\"https:\/\/www.avocatparis.org\/\" data-type=\"link\" data-id=\"https:\/\/www.avocatparis.org\/\" target=\"_blank\" rel=\"noreferrer noopener\" style=\"text-decoration:none\">Paris Bar<\/a>.<\/p>\n\n\n\n<p class=\"translation-block\">She teaches at the Institute of Judicial Studies (IEJ) of the <a href=\"https:\/\/u-paris.fr\/\" data-type=\"link\" data-id=\"https:\/\/u-paris.fr\/\" style=\"text-decoration:none\" target=\"_self\">Universit\u00e9 de Paris-Cit\u00e9<\/a> as a grader for the CRFPA (criminal law, criminal procedure, and the Grand Oral).<\/p>\n\n\n\n<p class=\"translation-block\">Ma\u00eetre Lois Pamela LESOT is a member of the <em><a href=\"https:\/\/www.ecba.org\/content\/\" data-type=\"link\" data-id=\"https:\/\/www.ecba.org\/content\/\" target=\"_blank\" rel=\"noreferrer noopener\" style=\"text-decoration:none\">European Criminal Bar Association (ECBA)<\/a><\/em>, the <em><a href=\"https:\/\/www.efcl.eu\/content\/\" data-type=\"link\" data-id=\"https:\/\/www.efcl.eu\/content\/\" target=\"_blank\" rel=\"noreferrer noopener\" style=\"text-decoration:none\">European Fraud and Compliance Lawyers (EFCL)<\/a><\/em>, <a href=\"https:\/\/www.avocatssansfrontieres-france.org\/fr\/\" data-type=\"link\" data-id=\"https:\/\/www.avocatssansfrontieres-france.org\/fr\/\" target=\"_blank\" rel=\"noreferrer noopener\" style=\"text-decoration:none\">Lawyers Without Borders<\/a>, and <a href=\"https:\/\/www.amnesty.fr\/\" data-type=\"link\" data-id=\"https:\/\/www.amnesty.fr\/\" target=\"_blank\" rel=\"noreferrer noopener\" style=\"text-decoration:none\">Amnesty International<\/a>. She is also part of the <a href=\"https:\/\/www.1900-avocates.org\/page\/1051325-presentation\" data-type=\"link\" data-id=\"https:\/\/www.1900-avocates.org\/page\/1051325-presentation\" target=\"_blank\" rel=\"noreferrer noopener\" style=\"text-decoration:none\">1900 Avocates<\/a> network.<\/p>\n\n\n\n<p class=\"translation-block\"><em>Languages: French and <a href=\"https:\/\/www.loispamelalesot.com\/en\/criminal-lawyer\/\" data-type=\"link\" data-id=\"https:\/\/www.loispamelalesot.com\/criminal-lawyer\/\" target=\"_self\">English<\/a><\/em><\/p>\n\n\n\n<p><\/p>\n\n\n\n<p><a href=\"https:\/\/www.loispamelalesot.com\/en\/avocate-penaliste-a-paris\/\">Criminal Defense Lawyer in Paris<\/a><\/p>\n\n\n\n<p class=\"translation-block\"><a href=\"https:\/\/www.loispamelalesot.com\/en\/avocate-en-affaires-criminelles-a-paris\/\" target=\"_self\">Criminal Lawyer in Paris<\/a><br>\n<a href=\"https:\/\/www.loispamelalesot.com\/en\/avocate-affaires-dagression-sexuelle-a-paris\/\" target=\"_self\">Sexual Assault Lawyer in Paris<\/a><br>\n<a href=\"https:\/\/www.loispamelalesot.com\/en\/avocate-affaires-de-viol-a-paris\/\" target=\"_self\">Rape Lawyer in Paris<\/a><br>\n<a href=\"https:\/\/www.loispamelalesot.com\/en\/avocate-droit-de-lextradition-a-paris\/\" target=\"_self\">Extradition Law Lawyer in Paris<\/a><br>\n<a href=\"https:\/\/www.loispamelalesot.com\/en\/avocate-garde-a-vue-a-paris\/\" target=\"_self\">Police Custody Lawyer in Paris<\/a><br>\n<a href=\"https:\/\/www.loispamelalesot.com\/en\/avocate-mandat-darret-europeen-a-paris\/\" target=\"_self\">European Arrest Warrant Lawyer in Paris<\/a><\/p>\n<\/div>\n<\/div>\n\n\n\n<p><\/p>\n<\/div><\/div>\n\n\n\n<p><\/p>","protected":false},"excerpt":{"rendered":"<p>Apr\u00e8s son double dipl\u00f4me sur quatre ans en droit anglais et droit fran\u00e7ais aux universit\u00e9s de King\u2019s College London et Paris I Panth\u00e9on-Sorbonne, Me Lois Pamela LESOT a effectu\u00e9 un LLM en droit p\u00e9nal international \u00e0 Kent Law School et un Master 2 en droit p\u00e9nal international et des affaires \u00e0 Paris I Panth\u00e9on-Sorbonne. Elle &hellip;<\/p>\n<p class=\"read-more\"> <a class=\"\" href=\"https:\/\/www.loispamelalesot.com\/en\/avocate\/\"> <span class=\"screen-reader-text\">Presentation<\/span> Read More &raquo;<\/a><\/p>","protected":false},"author":2,"featured_media":0,"parent":0,"menu_order":0,"comment_status":"closed","ping_status":"closed","template":"","meta":{"site-sidebar-layout":"no-sidebar","site-content-layout":"plain-container","ast-global-header-display":"","ast-main-header-display":"","ast-hfb-above-header-display":"","ast-hfb-below-header-display":"","ast-hfb-mobile-header-display":"","site-post-title":"disabled","ast-breadcrumbs-content":"","ast-featured-img":"disabled","footer-sml-layout":"","theme-transparent-header-meta":"enabled","adv-header-id-meta":"","stick-header-meta":"","header-above-stick-meta":"","header-main-stick-meta":"","header-below-stick-meta":"","footnotes":""},"class_list":["post-218","page","type-page","status-publish","hentry"],"_links":{"self":[{"href":"https:\/\/www.loispamelalesot.com\/en\/wp-json\/wp\/v2\/pages\/218","targetHints":{"allow":["GET"]}}],"collection":[{"href":"https:\/\/www.loispamelalesot.com\/en\/wp-json\/wp\/v2\/pages"}],"about":[{"href":"https:\/\/www.loispamelalesot.com\/en\/wp-json\/wp\/v2\/types\/page"}],"author":[{"embeddable":true,"href":"https:\/\/www.loispamelalesot.com\/en\/wp-json\/wp\/v2\/users\/2"}],"replies":[{"embeddable":true,"href":"https:\/\/www.loispamelalesot.com\/en\/wp-json\/wp\/v2\/comments?post=218"}],"version-history":[{"count":40,"href":"https:\/\/www.loispamelalesot.com\/en\/wp-json\/wp\/v2\/pages\/218\/revisions"}],"predecessor-version":[{"id":2234,"href":"https:\/\/www.loispamelalesot.com\/en\/wp-json\/wp\/v2\/pages\/218\/revisions\/2234"}],"wp:attachment":[{"href":"https:\/\/www.loispamelalesot.com\/en\/wp-json\/wp\/v2\/media?parent=218"}],"curies":[{"name":"wp","href":"https:\/\/api.w.org\/{rel}","templated":true}]}}