{"id":219,"date":"2020-05-12T03:43:04","date_gmt":"2020-05-12T03:43:04","guid":{"rendered":"http:\/\/www.loispamelalesot.com\/services\/"},"modified":"2025-09-22T15:01:24","modified_gmt":"2025-09-22T13:01:24","slug":"expertise","status":"publish","type":"page","link":"https:\/\/www.loispamelalesot.com\/en\/expertise\/","title":{"rendered":"Expertise"},"content":{"rendered":"<div class=\"wp-block-cover alignfull\" style=\"min-height:380px;aspect-ratio:unset;\"><img loading=\"lazy\" decoding=\"async\" width=\"2560\" height=\"1441\" class=\"wp-block-cover__image-background wp-image-1695\" alt=\"\" src=\"https:\/\/www.loispamelalesot.com\/wp-content\/uploads\/2024\/06\/robin-ooode-A5hD0BMzsbo-unsplash-scaled.jpg\" style=\"object-position:50% 0%\" data-object-fit=\"cover\" data-object-position=\"50% 0%\" srcset=\"https:\/\/www.loispamelalesot.com\/wp-content\/uploads\/2024\/06\/robin-ooode-A5hD0BMzsbo-unsplash-scaled.jpg 2560w, https:\/\/www.loispamelalesot.com\/wp-content\/uploads\/2024\/06\/robin-ooode-A5hD0BMzsbo-unsplash-300x169.jpg 300w, https:\/\/www.loispamelalesot.com\/wp-content\/uploads\/2024\/06\/robin-ooode-A5hD0BMzsbo-unsplash-1024x576.jpg 1024w, https:\/\/www.loispamelalesot.com\/wp-content\/uploads\/2024\/06\/robin-ooode-A5hD0BMzsbo-unsplash-768x432.jpg 768w, https:\/\/www.loispamelalesot.com\/wp-content\/uploads\/2024\/06\/robin-ooode-A5hD0BMzsbo-unsplash-1536x864.jpg 1536w, https:\/\/www.loispamelalesot.com\/wp-content\/uploads\/2024\/06\/robin-ooode-A5hD0BMzsbo-unsplash-2048x1153.jpg 2048w\" sizes=\"auto, (max-width: 2560px) 100vw, 2560px\" \/><span aria-hidden=\"true\" class=\"wp-block-cover__background has-ast-global-color-1-background-color has-background-dim-20 has-background-dim\"><\/span><div class=\"wp-block-cover__inner-container is-layout-flow wp-block-cover-is-layout-flow\">\n<h1 class=\"wp-block-heading has-text-align-center has-white-color has-text-color\">Expertise<\/h1>\n<\/div><\/div>\n\n\n\n<div class=\"inherit-container-width wp-block-group alignfull has-ast-global-color-5-background-color has-background is-layout-constrained wp-block-group-is-layout-constrained\"><div class=\"wp-block-group__inner-container\">\n<p class=\"has-text-align-center translation-block\" style=\"font-size:16px\"><strong>Me Lois Pamela LESOT, <a href=\"https:\/\/www.loispamelalesot.com\/en\/avocate-penaliste-a-paris\/\" data-type=\"link\" data-id=\"https:\/\/www.loispamelalesot.com\/en\/avocate-penaliste-a-paris\/\" target=\"_self\">criminal defense lawyer<\/a>, dedicates her practice to defending individuals and legal entities, whether accused or victims, in cases involving:<\/strong><\/p>\n\n\n\n<p><\/p>\n\n\n\n<div class=\"wp-block-columns alignwide is-layout-flex wp-container-core-columns-is-layout-28f84493 wp-block-columns-is-layout-flex\">\n<div class=\"wp-block-column is-layout-flow wp-block-column-is-layout-flow\">\n<figure class=\"wp-block-image aligncenter size-thumbnail is-style-rounded wp-duotone-000000-ffffff-1\"><img loading=\"lazy\" decoding=\"async\" width=\"150\" height=\"150\" src=\"http:\/\/www.loispamelalesot.com\/wp-content\/uploads\/2022\/03\/IMG_20220124_203933_803-1-150x150.jpg\" alt=\"\" class=\"wp-image-703\" srcset=\"https:\/\/www.loispamelalesot.com\/wp-content\/uploads\/2022\/03\/IMG_20220124_203933_803-1-150x150.jpg 150w, https:\/\/www.loispamelalesot.com\/wp-content\/uploads\/2022\/03\/IMG_20220124_203933_803-1-300x300.jpg 300w, https:\/\/www.loispamelalesot.com\/wp-content\/uploads\/2022\/03\/IMG_20220124_203933_803-1-1024x1024.jpg 1024w, https:\/\/www.loispamelalesot.com\/wp-content\/uploads\/2022\/03\/IMG_20220124_203933_803-1-768x768.jpg 768w, https:\/\/www.loispamelalesot.com\/wp-content\/uploads\/2022\/03\/IMG_20220124_203933_803-1-1536x1536.jpg 1536w, https:\/\/www.loispamelalesot.com\/wp-content\/uploads\/2022\/03\/IMG_20220124_203933_803-1-2048x2048.jpg 2048w\" sizes=\"auto, (max-width: 150px) 100vw, 150px\" \/><\/figure>\n\n\n\n<p><\/p>\n\n\n\n<h3 class=\"wp-block-heading has-text-align-center has-ast-global-color-2-color has-text-color\" style=\"font-size:19px;text-transform:capitalize\">Criminal Law<\/h3>\n\n\n\n<p class=\"has-text-align-center has-ast-global-color-3-color has-text-color translation-block\">Intentional violence, <a href=\"https:\/\/www.loispamelalesot.com\/en\/2023\/02\/02\/les-violences-conjugales\/\" target=\"_blank\" rel=\"noreferrer noopener\">domestic violence<\/a>, <a href=\"https:\/\/www.loispamelalesot.com\/en\/2024\/07\/03\/l-agression-sexuelle\/\" data-type=\"link\" data-id=\"https:\/\/www.loispamelalesot.com\/2024\/07\/03\/l-agression-sexuelle\/\" target=\"_blank\" rel=\"noreferrer noopener\">sexual assault<\/a>, <a href=\"https:\/\/www.loispamelalesot.com\/en\/2023\/05\/27\/le-viol\/\" target=\"_blank\" rel=\"noreferrer noopener\">rape<\/a>, <a href=\"https:\/\/www.loispamelalesot.com\/en\/2023\/03\/23\/la-pornodivulgation\/\" target=\"_blank\" rel=\"noreferrer noopener\">non-consensual sharing of intimate content<\/a>, harassment, <a href=\"https:\/\/www.loispamelalesot.com\/en\/2023\/05\/28\/le-proxenetisme\/\" data-type=\"URL\" data-id=\"https:\/\/www.loispamelalesot.com\/2023\/05\/28\/le-proxenetisme\/\" target=\"_blank\" rel=\"noreferrer noopener\">procuring<\/a>, <a href=\"https:\/\/www.loispamelalesot.com\/en\/2023\/06\/20\/exhibition-sexuelle\/\" target=\"_blank\" rel=\"noreferrer noopener\">indecent exposure<\/a>, kidnapping, <a href=\"https:\/\/www.loispamelalesot.com\/en\/2023\/07\/20\/le-meurtre-et-l-assassinat\/\" data-type=\"URL\" data-id=\"https:\/\/www.loispamelalesot.com\/2023\/07\/20\/le-meurtre-et-l-assassinat\/\" target=\"_blank\" rel=\"noreferrer noopener\">murder<\/a>, <a href=\"https:\/\/www.loispamelalesot.com\/en\/2023\/07\/20\/le-meurtre-et-l-assassinat\/\" data-type=\"URL\" data-id=\"https:\/\/www.loispamelalesot.com\/2023\/07\/20\/le-meurtre-et-l-assassinat\/\" target=\"_blank\" rel=\"noreferrer noopener\">assassination<\/a>, <a href=\"https:\/\/www.loispamelalesot.com\/en\/2024\/06\/11\/l-empoisonnement\/\" data-type=\"link\" data-id=\"https:\/\/www.loispamelalesot.com\/2024\/06\/11\/l-empoisonnement\/\" target=\"_blank\" rel=\"noreferrer noopener\">poisoning<\/a>, <a href=\"https:\/\/www.loispamelalesot.com\/en\/2024\/06\/03\/le-vol\/\" data-type=\"link\" data-id=\"https:\/\/www.loispamelalesot.com\/2024\/06\/03\/le-vol\/\" target=\"_blank\" rel=\"noreferrer noopener\">theft<\/a>, breach of trust, <a href=\"https:\/\/www.loispamelalesot.com\/en\/2023\/11\/29\/abus-de-faiblesse\/\" data-type=\"link\" data-id=\"https:\/\/www.loispamelalesot.com\/2023\/11\/29\/abus-de-faiblesse\/\" target=\"_blank\" rel=\"noreferrer noopener\">abuse of vulnerability<\/a>, <a href=\"https:\/\/www.loispamelalesot.com\/en\/2024\/06\/11\/l-administration-de-substances-nuisibles\/\" data-type=\"link\" data-id=\"https:\/\/www.loispamelalesot.com\/2024\/06\/11\/l-administration-de-substances-nuisibles\/\" target=\"_blank\" rel=\"noreferrer noopener\">administering harmful substances<\/a>, fraud, forgery and use of forged documents, <a href=\"https:\/\/www.loispamelalesot.com\/en\/2023\/07\/21\/le-chantage\/\" data-type=\"URL\" data-id=\"https:\/\/www.loispamelalesot.com\/2023\/07\/21\/le-chantage\/\" target=\"_blank\" rel=\"noreferrer noopener\">blackmail<\/a>, <a href=\"https:\/\/www.loispamelalesot.com\/en\/2024\/06\/12\/la-menace\/\" data-type=\"link\" data-id=\"https:\/\/www.loispamelalesot.com\/2024\/06\/12\/la-menace\/\" target=\"_blank\" rel=\"noreferrer noopener\">threats<\/a>, <a href=\"https:\/\/www.loispamelalesot.com\/en\/2023\/02\/02\/la-denonciation-calomnieuse\/\" data-type=\"URL\" target=\"_blank\" rel=\"noreferrer noopener\">false accusations<\/a>, offences against automated data processing systems (STADs), etc.<\/p>\n<\/div>\n\n\n\n<div class=\"wp-block-column is-layout-flow wp-block-column-is-layout-flow\">\n<figure class=\"wp-block-image aligncenter size-thumbnail is-style-rounded wp-duotone-000000-ffffff-2\"><img decoding=\"async\" src=\"http:\/\/www.loispamelalesot.com\/wp-content\/uploads\/2022\/07\/SmartSelect_20220511-115415_Instagram-3-150x150.jpg\" alt=\"\" class=\"wp-image-807\"\/><\/figure>\n\n\n\n<p><\/p>\n\n\n\n<h3 class=\"wp-block-heading has-text-align-center has-ast-global-color-2-color has-text-color\" style=\"font-size:19px;text-transform:capitalize\">International and European Criminal Law<\/h3>\n\n\n\n<p class=\"has-text-align-center has-ast-global-color-3-color has-text-color translation-block\"><a rel=\"noreferrer noopener\" href=\"https:\/\/www.loispamelalesot.com\/en\/2023\/06\/29\/extradition\/\" data-type=\"URL\" data-id=\"https:\/\/www.loispamelalesot.com\/2023\/06\/29\/extradition\/\" target=\"_blank\">Extradition<\/a>, <a href=\"https:\/\/www.loispamelalesot.com\/en\/2023\/07\/04\/le-mandat-d-arret-europeen\/\" data-type=\"URL\" data-id=\"https:\/\/www.loispamelalesot.com\/2023\/07\/04\/le-mandat-d-arret-europeen\/\" target=\"_blank\" rel=\"noreferrer noopener\">European arrest warrant<\/a>, cross-border judicial cooperation, INTERPOL notices, etc.<\/p>\n<\/div>\n<\/div>\n\n\n\n<div style=\"height:0px\" aria-hidden=\"true\" class=\"wp-block-spacer\"><\/div>\n\n\n\n<div class=\"wp-block-columns alignwide is-layout-flex wp-container-core-columns-is-layout-28f84493 wp-block-columns-is-layout-flex\">\n<div class=\"wp-block-column is-layout-flow wp-block-column-is-layout-flow\">\n<figure class=\"wp-block-image aligncenter size-thumbnail is-style-rounded wp-duotone-000000-ffffff-3\"><img loading=\"lazy\" decoding=\"async\" width=\"150\" height=\"150\" src=\"https:\/\/www.loispamelalesot.com\/wp-content\/uploads\/2022\/03\/IMG_20211119_205823_664-2-150x150.jpg\" alt=\"\" class=\"wp-image-701\" srcset=\"https:\/\/www.loispamelalesot.com\/wp-content\/uploads\/2022\/03\/IMG_20211119_205823_664-2-150x150.jpg 150w, https:\/\/www.loispamelalesot.com\/wp-content\/uploads\/2022\/03\/IMG_20211119_205823_664-2-300x300.jpg 300w, https:\/\/www.loispamelalesot.com\/wp-content\/uploads\/2022\/03\/IMG_20211119_205823_664-2-1024x1024.jpg 1024w, https:\/\/www.loispamelalesot.com\/wp-content\/uploads\/2022\/03\/IMG_20211119_205823_664-2-768x768.jpg 768w, https:\/\/www.loispamelalesot.com\/wp-content\/uploads\/2022\/03\/IMG_20211119_205823_664-2.jpg 1076w\" sizes=\"auto, (max-width: 150px) 100vw, 150px\" \/><\/figure>\n\n\n\n<p><\/p>\n\n\n\n<h3 class=\"wp-block-heading has-text-align-center has-ast-global-color-2-color has-text-color\" style=\"font-size:18px;text-transform:capitalize\">Business Criminal Law<\/h3>\n\n\n\n<p class=\"has-text-align-center has-ast-global-color-3-color has-text-color translation-block\"><a href=\"https:\/\/www.loispamelalesot.com\/en\/2024\/06\/04\/le-blanchiment-d-argent\/\" data-type=\"link\" data-id=\"https:\/\/www.loispamelalesot.com\/2024\/06\/04\/le-blanchiment-d-argent\/\" target=\"_blank\" rel=\"noreferrer noopener\">Money laundering<\/a>, <a href=\"https:\/\/www.loispamelalesot.com\/en\/2024\/06\/03\/le-recel\/\" data-type=\"link\" data-id=\"https:\/\/www.loispamelalesot.com\/2024\/06\/03\/le-recel\/\" target=\"_blank\" rel=\"noreferrer noopener\">handling stolen goods<\/a>, misuse of corporate assets, breach of trust, <a href=\"https:\/\/www.loispamelalesot.com\/en\/2024\/06\/04\/la-corruption\/\" data-type=\"link\" data-id=\"https:\/\/www.loispamelalesot.com\/2024\/06\/04\/la-corruption\/\" target=\"_blank\" rel=\"noreferrer noopener\">corruption<\/a>, influence peddling, tax fraud, insider trading, defense of company directors, etc.<\/p>\n<\/div>\n\n\n\n<div class=\"wp-block-column is-layout-flow wp-block-column-is-layout-flow\">\n<figure class=\"wp-block-image aligncenter size-thumbnail is-style-rounded wp-duotone-000000-ffffff-4\"><img loading=\"lazy\" decoding=\"async\" width=\"150\" height=\"150\" src=\"http:\/\/www.loispamelalesot.com\/wp-content\/uploads\/2022\/03\/SmartSelect_20211119-203916_Instagram-150x150.jpg\" alt=\"\" class=\"wp-image-672\" srcset=\"https:\/\/www.loispamelalesot.com\/wp-content\/uploads\/2022\/03\/SmartSelect_20211119-203916_Instagram-150x150.jpg 150w, https:\/\/www.loispamelalesot.com\/wp-content\/uploads\/2022\/03\/SmartSelect_20211119-203916_Instagram-300x300.jpg 300w, https:\/\/www.loispamelalesot.com\/wp-content\/uploads\/2022\/03\/SmartSelect_20211119-203916_Instagram-1024x1024.jpg 1024w, https:\/\/www.loispamelalesot.com\/wp-content\/uploads\/2022\/03\/SmartSelect_20211119-203916_Instagram-768x768.jpg 768w, https:\/\/www.loispamelalesot.com\/wp-content\/uploads\/2022\/03\/SmartSelect_20211119-203916_Instagram.jpg 1076w\" sizes=\"auto, (max-width: 150px) 100vw, 150px\" \/><\/figure>\n\n\n\n<p><\/p>\n\n\n\n<h3 class=\"wp-block-heading has-text-align-center has-ast-global-color-2-color has-text-color\" style=\"font-size:19px;text-transform:capitalize\">Media and Press Law<\/h3>\n\n\n\n<p class=\"has-text-align-center has-ast-global-color-3-color has-text-color\">Defamation, insult, infringement of image rights, advocacy of crimes, incitement to crimes and offences, right of reply requirements, violation of the presumption of innocence, etc.<\/p>\n<\/div>\n<\/div>\n\n\n\n<p class=\"has-text-align-center\" style=\"font-size:16px\"><br><br><\/p>\n\n\n\n<p class=\"has-text-align-center\" style=\"font-size:16px\"><strong>~<\/strong><br><strong>She advises and represents you at all stages of the criminal proceedings:<\/strong><\/p>\n\n\n\n<div class=\"wp-block-columns is-layout-flex wp-container-core-columns-is-layout-28f84493 wp-block-columns-is-layout-flex\">\n<div class=\"wp-block-column is-layout-flow wp-block-column-is-layout-flow\">\n<div class=\"wp-block-columns is-layout-flex wp-container-core-columns-is-layout-28f84493 wp-block-columns-is-layout-flex\">\n<div class=\"wp-block-column is-layout-flow wp-block-column-is-layout-flow\">\n<div class=\"wp-block-columns is-layout-flex wp-container-core-columns-is-layout-28f84493 wp-block-columns-is-layout-flex\">\n<div class=\"wp-block-column is-layout-flow wp-block-column-is-layout-flow\">\n<div class=\"wp-block-columns is-layout-flex wp-container-core-columns-is-layout-28f84493 wp-block-columns-is-layout-flex\">\n<div class=\"wp-block-column is-layout-flow wp-block-column-is-layout-flow\">\n<p class=\"has-text-align-center\" style=\"font-size:19px\"><br><strong>Investigation<\/strong><\/p>\n\n\n\n<p class=\"has-text-align-center translation-block\"><a href=\"https:\/\/www.loispamelalesot.com\/en\/2023\/01\/23\/la-plainte-penale\/\" data-type=\"URL\" target=\"_blank\" rel=\"noreferrer noopener\">Complaint<\/a>, <a href=\"https:\/\/www.loispamelalesot.com\/en\/2024\/06\/21\/l-audition-libre\/\" data-type=\"link\" data-id=\"https:\/\/www.loispamelalesot.com\/2024\/06\/21\/l-audition-libre\/\" target=\"_blank\" rel=\"noreferrer noopener\">voluntary interview<\/a>, <a href=\"https:\/\/www.loispamelalesot.com\/en\/2023\/04\/04\/garde-a-vue\/\" target=\"_blank\" rel=\"noreferrer noopener\">police custody<\/a>, summons to a police station or gendarmerie, search, <a href=\"https:\/\/www.loispamelalesot.com\/en\/2023\/02\/02\/le-classement-sans-suite\/\" target=\"_blank\" rel=\"noreferrer noopener\">case dismissal<\/a>, <a href=\"https:\/\/www.loispamelalesot.com\/en\/2023\/02\/03\/ordonnance-de-protection\/\" data-type=\"URL\" data-id=\"https:\/\/www.loispamelalesot.com\/2023\/02\/03\/ordonnance-de-protection\/\" target=\"_blank\" rel=\"noreferrer noopener\">protection order<\/a>, etc.<\/p>\n<\/div>\n\n\n\n<div class=\"wp-block-column is-layout-flow wp-block-column-is-layout-flow\">\n<p class=\"has-text-align-center\" style=\"font-size:19px\"><br><strong>Hearing<\/strong><\/p>\n\n\n\n<p class=\"has-text-align-center translation-block\">Police Court, Criminal Court, Assize Court, direct summons, immediate appearance, <a href=\"https:\/\/www.loispamelalesot.com\/en\/2023\/03\/23\/comparution-sur-reconnaissance-prealable-de-culpabilite\/\" target=\"_blank\" rel=\"noreferrer noopener\">appearance upon prior admission of guilt (plea bargaining)<\/a>, penal composition, etc.<\/p>\n<\/div>\n<\/div>\n<\/div>\n<\/div>\n\n\n\n<div class=\"wp-block-columns is-layout-flex wp-container-core-columns-is-layout-28f84493 wp-block-columns-is-layout-flex\">\n<div class=\"wp-block-column is-layout-flow wp-block-column-is-layout-flow\" style=\"flex-basis:100%\">\n<div class=\"wp-block-columns is-layout-flex wp-container-core-columns-is-layout-28f84493 wp-block-columns-is-layout-flex\">\n<div class=\"wp-block-column is-layout-flow wp-block-column-is-layout-flow\">\n<p class=\"has-text-align-center\" style=\"font-size:19px\"><br><strong>Information judiciaire (instruction)<\/strong><\/p>\n\n\n\n<p class=\"has-text-align-center translation-block\">Complaint with civil party application, questioning, judicial supervision, formal investigation, <a href=\"https:\/\/www.loispamelalesot.com\/en\/2023\/04\/04\/la-detention-provisoire\/\" target=\"_blank\" rel=\"noreferrer noopener\">pre-trial detention<\/a>, application for release, requests for investigative acts, procedural nullities, etc.<\/p>\n<\/div>\n\n\n\n<div class=\"wp-block-column is-layout-flow wp-block-column-is-layout-flow\">\n<p class=\"has-text-align-center\" style=\"font-size:19px\"><br><strong>Prison Law<\/strong><\/p>\n\n\n\n<p class=\"has-text-align-center translation-block\">Sentence adjustment, parole (conditional release), electronic monitoring, semi-liberty, release under supervision, visitation permits, temporary leave, <a href=\"https:\/\/www.loispamelalesot.com\/en\/2023\/06\/20\/effacement-du-casier-judiciaire\/\" data-type=\"link\" data-id=\"https:\/\/www.loispamelalesot.com\/2023\/06\/20\/effacement-du-casier-judiciaire\/\" target=\"_blank\" rel=\"noreferrer noopener\">criminal record expungement<\/a>, etc.<\/p>\n<\/div>\n<\/div>\n<\/div>\n<\/div>\n<\/div>\n<\/div>\n<\/div>\n<\/div>\n<\/div><\/div>","protected":false},"excerpt":{"rendered":"<p>Me Lois Pamela LESOT, avocate p\u00e9naliste, consacre son activit\u00e9 \u00e0 la d\u00e9fense des personnes physiques et morales, mises en cause ou victimes, dans les affaires de : Droit P\u00e9nal Violence volontaire, violences conjugales, agression sexuelle, viol, porno-divulgation, harc\u00e8lement, prox\u00e9n\u00e9tisme, exhibition sexuelle, enl\u00e8vement, meurtre, assassinat, empoisonnement, vol, abus de confiance, abus de faiblesse, administration de substances &hellip;<\/p>\n<p class=\"read-more\"> <a class=\"\" href=\"https:\/\/www.loispamelalesot.com\/en\/expertise\/\"> <span class=\"screen-reader-text\">Expertise<\/span> Read More &raquo;<\/a><\/p>","protected":false},"author":2,"featured_media":0,"parent":0,"menu_order":0,"comment_status":"closed","ping_status":"closed","template":"","meta":{"site-sidebar-layout":"no-sidebar","site-content-layout":"plain-container","ast-global-header-display":"","ast-main-header-display":"","ast-hfb-above-header-display":"","ast-hfb-below-header-display":"","ast-hfb-mobile-header-display":"","site-post-title":"disabled","ast-breadcrumbs-content":"","ast-featured-img":"disabled","footer-sml-layout":"","theme-transparent-header-meta":"enabled","adv-header-id-meta":"","stick-header-meta":"","header-above-stick-meta":"","header-main-stick-meta":"","header-below-stick-meta":"","footnotes":""},"class_list":["post-219","page","type-page","status-publish","hentry"],"_links":{"self":[{"href":"https:\/\/www.loispamelalesot.com\/en\/wp-json\/wp\/v2\/pages\/219","targetHints":{"allow":["GET"]}}],"collection":[{"href":"https:\/\/www.loispamelalesot.com\/en\/wp-json\/wp\/v2\/pages"}],"about":[{"href":"https:\/\/www.loispamelalesot.com\/en\/wp-json\/wp\/v2\/types\/page"}],"author":[{"embeddable":true,"href":"https:\/\/www.loispamelalesot.com\/en\/wp-json\/wp\/v2\/users\/2"}],"replies":[{"embeddable":true,"href":"https:\/\/www.loispamelalesot.com\/en\/wp-json\/wp\/v2\/comments?post=219"}],"version-history":[{"count":75,"href":"https:\/\/www.loispamelalesot.com\/en\/wp-json\/wp\/v2\/pages\/219\/revisions"}],"predecessor-version":[{"id":2232,"href":"https:\/\/www.loispamelalesot.com\/en\/wp-json\/wp\/v2\/pages\/219\/revisions\/2232"}],"wp:attachment":[{"href":"https:\/\/www.loispamelalesot.com\/en\/wp-json\/wp\/v2\/media?parent=219"}],"curies":[{"name":"wp","href":"https:\/\/api.w.org\/{rel}","templated":true}]}}