{"id":924,"date":"2023-01-18T11:52:28","date_gmt":"2023-01-18T10:52:28","guid":{"rendered":"https:\/\/www.loispamelalesot.com\/?page_id=924"},"modified":"2024-06-18T17:01:11","modified_gmt":"2024-06-18T15:01:11","slug":"honoraires","status":"publish","type":"page","link":"https:\/\/www.loispamelalesot.com\/en\/honoraires\/","title":{"rendered":"Fees"},"content":{"rendered":"<div class=\"wp-block-cover alignfull\" style=\"min-height:380px;aspect-ratio:unset;\"><span aria-hidden=\"true\" class=\"wp-block-cover__background has-ast-global-color-1-background-color has-background-dim-20 has-background-dim\"><\/span><img loading=\"lazy\" decoding=\"async\" width=\"2560\" height=\"1441\" class=\"wp-block-cover__image-background wp-image-1695\" alt=\"\" src=\"https:\/\/www.loispamelalesot.com\/wp-content\/uploads\/2024\/06\/robin-ooode-A5hD0BMzsbo-unsplash-scaled.jpg\" style=\"object-position:50% 0%\" data-object-fit=\"cover\" data-object-position=\"50% 0%\" srcset=\"https:\/\/www.loispamelalesot.com\/wp-content\/uploads\/2024\/06\/robin-ooode-A5hD0BMzsbo-unsplash-scaled.jpg 2560w, https:\/\/www.loispamelalesot.com\/wp-content\/uploads\/2024\/06\/robin-ooode-A5hD0BMzsbo-unsplash-300x169.jpg 300w, https:\/\/www.loispamelalesot.com\/wp-content\/uploads\/2024\/06\/robin-ooode-A5hD0BMzsbo-unsplash-1024x576.jpg 1024w, https:\/\/www.loispamelalesot.com\/wp-content\/uploads\/2024\/06\/robin-ooode-A5hD0BMzsbo-unsplash-768x432.jpg 768w, https:\/\/www.loispamelalesot.com\/wp-content\/uploads\/2024\/06\/robin-ooode-A5hD0BMzsbo-unsplash-1536x864.jpg 1536w, https:\/\/www.loispamelalesot.com\/wp-content\/uploads\/2024\/06\/robin-ooode-A5hD0BMzsbo-unsplash-2048x1153.jpg 2048w\" sizes=\"auto, (max-width: 2560px) 100vw, 2560px\" \/><div class=\"wp-block-cover__inner-container is-layout-flow wp-block-cover-is-layout-flow\">\n<h1 class=\"wp-block-heading has-text-align-center has-white-color has-text-color\" style=\"font-size:65px\">Fees<\/h1>\n<\/div><\/div>\n\n\n\n<div class=\"inherit-container-width wp-block-group alignfull has-white-background-color has-background is-layout-constrained wp-block-group-is-layout-constrained\"><div class=\"wp-block-group__inner-container\">\n<p>All matters entrusted to Me Lois Pamela LESOT are subject to a fee agreement, allowing the amounts owed by the client to be determined in advance.<\/p>\n\n\n\n<p>These fees are determined based on:<\/p>\n\n\n\n<ul class=\"wp-block-list\">\n<li>the stage of the proceedings (and therefore the time to be devoted to the case)<\/li>\n\n\n\n<li>the research work required<\/li>\n\n\n\n<li>the nature and complexity of the case<\/li>\n\n\n\n<li>the importance of the interests at stake<\/li>\n<\/ul>\n\n\n\n<p><span style=\"text-decoration: underline;\">Hourly billing<\/span><\/p>\n\n\n\n<p>Fees may be determined based on an hourly rate and advance payments corresponding to 10 hours of work.<\/p>\n\n\n\n<p>In this case, the lawyer keeps a record of the work carried out, which is communicated to the client upon request or when the initial advance is close to being exhausted.<\/p>\n\n\n\n<p>Similarly, the client may ask the lawyer for an estimate of the remaining work required to complete the assignment.<\/p>\n\n\n\n<p>This billing method allows the client to ensure they are charged fairly for the work actually performed and is particularly suited to proceedings with uncertain duration (preliminary investigations, judicial investigations, sentence adjustments, etc.).<\/p>\n\n\n\n<p><span style=\"text-decoration: underline;\">Flat Fees<\/span><\/p>\n\n\n\n<p>In cases where the work required can be assessed in advance, a fixed fee may be agreed upon.<\/p>\n\n\n\n<p><span style=\"text-decoration: underline;\">Success Fees<\/span><\/p>\n\n\n\n<p>A success fee, in the form of a percentage of the sums obtained following a favorable decision or settlement, may be provided in addition to hourly or fixed fees.<\/p>\n\n\n\n<p><span style=\"text-decoration: underline;\">Payment of Fees<\/span><\/p>\n\n\n\n<p>Fees may be paid by cheque, cash, or bank transfer.<\/p>\n\n\n\n<p>They may, depending on the circumstances, be paid in installments.\u00a0<br><\/p>\n\n\n\n<p>Me Lois Pamela LESOT invites you to check whether you have legal protection insurance or functional protection coverage.<br><\/p>\n\n\n\n<div class=\"wp-block-buttons is-content-justification-center is-layout-flex wp-container-core-buttons-is-layout-a89b3969 wp-block-buttons-is-layout-flex\">\n<div class=\"wp-block-button\"><a class=\"wp-block-button__link wp-element-button\" href=\"http:\/\/www.loispamelalesot.com\/en\/contact\/\">Make an appointment<\/a><\/div>\n<\/div>\n<\/div><\/div>","protected":false},"excerpt":{"rendered":"<p>Toutes les missions confi\u00e9es \u00e0 Me Lois Pamela LESOT font l\u2019objet d\u2019une convention d\u2019honoraires permettant de d\u00e9terminer \u00e0 l\u2019avance les sommes dues par le client. Ces honoraires sont d\u00e9termin\u00e9s en fonction : Honoraires au temps pass\u00e9 La d\u00e9termination des honoraires peut se faire en fonction d\u2019un taux horaire et de provisions de 10h de diligences. &hellip;<\/p>\n<p class=\"read-more\"> <a class=\"\" href=\"https:\/\/www.loispamelalesot.com\/en\/honoraires\/\"> <span class=\"screen-reader-text\">Fees<\/span> Read More &raquo;<\/a><\/p>","protected":false},"author":2,"featured_media":0,"parent":0,"menu_order":0,"comment_status":"closed","ping_status":"closed","template":"","meta":{"site-sidebar-layout":"no-sidebar","site-content-layout":"plain-container","ast-global-header-display":"","ast-main-header-display":"","ast-hfb-above-header-display":"","ast-hfb-below-header-display":"","ast-hfb-mobile-header-display":"","site-post-title":"disabled","ast-breadcrumbs-content":"","ast-featured-img":"","footer-sml-layout":"","theme-transparent-header-meta":"enabled","adv-header-id-meta":"","stick-header-meta":"","header-above-stick-meta":"","header-main-stick-meta":"","header-below-stick-meta":"","footnotes":""},"class_list":["post-924","page","type-page","status-publish","hentry"],"_links":{"self":[{"href":"https:\/\/www.loispamelalesot.com\/en\/wp-json\/wp\/v2\/pages\/924","targetHints":{"allow":["GET"]}}],"collection":[{"href":"https:\/\/www.loispamelalesot.com\/en\/wp-json\/wp\/v2\/pages"}],"about":[{"href":"https:\/\/www.loispamelalesot.com\/en\/wp-json\/wp\/v2\/types\/page"}],"author":[{"embeddable":true,"href":"https:\/\/www.loispamelalesot.com\/en\/wp-json\/wp\/v2\/users\/2"}],"replies":[{"embeddable":true,"href":"https:\/\/www.loispamelalesot.com\/en\/wp-json\/wp\/v2\/comments?post=924"}],"version-history":[{"count":35,"href":"https:\/\/www.loispamelalesot.com\/en\/wp-json\/wp\/v2\/pages\/924\/revisions"}],"predecessor-version":[{"id":1734,"href":"https:\/\/www.loispamelalesot.com\/en\/wp-json\/wp\/v2\/pages\/924\/revisions\/1734"}],"wp:attachment":[{"href":"https:\/\/www.loispamelalesot.com\/en\/wp-json\/wp\/v2\/media?parent=924"}],"curies":[{"name":"wp","href":"https:\/\/api.w.org\/{rel}","templated":true}]}}