{"id":948,"date":"2023-01-18T11:57:06","date_gmt":"2023-01-18T10:57:06","guid":{"rendered":"https:\/\/www.loispamelalesot.com\/?page_id=948"},"modified":"2025-09-24T17:51:15","modified_gmt":"2025-09-24T15:51:15","slug":"publications","status":"publish","type":"page","link":"https:\/\/www.loispamelalesot.com\/en\/publications\/","title":{"rendered":"Publications"},"content":{"rendered":"<div class=\"wp-block-cover alignfull\" style=\"min-height:380px;aspect-ratio:unset;\"><img loading=\"lazy\" decoding=\"async\" width=\"2560\" height=\"1441\" class=\"wp-block-cover__image-background wp-image-1695\" alt=\"\" src=\"https:\/\/www.loispamelalesot.com\/wp-content\/uploads\/2024\/06\/robin-ooode-A5hD0BMzsbo-unsplash-scaled.jpg\" style=\"object-position:50% 0%\" data-object-fit=\"cover\" data-object-position=\"50% 0%\" srcset=\"https:\/\/www.loispamelalesot.com\/wp-content\/uploads\/2024\/06\/robin-ooode-A5hD0BMzsbo-unsplash-scaled.jpg 2560w, https:\/\/www.loispamelalesot.com\/wp-content\/uploads\/2024\/06\/robin-ooode-A5hD0BMzsbo-unsplash-300x169.jpg 300w, https:\/\/www.loispamelalesot.com\/wp-content\/uploads\/2024\/06\/robin-ooode-A5hD0BMzsbo-unsplash-1024x576.jpg 1024w, https:\/\/www.loispamelalesot.com\/wp-content\/uploads\/2024\/06\/robin-ooode-A5hD0BMzsbo-unsplash-768x432.jpg 768w, https:\/\/www.loispamelalesot.com\/wp-content\/uploads\/2024\/06\/robin-ooode-A5hD0BMzsbo-unsplash-1536x864.jpg 1536w, https:\/\/www.loispamelalesot.com\/wp-content\/uploads\/2024\/06\/robin-ooode-A5hD0BMzsbo-unsplash-2048x1153.jpg 2048w\" sizes=\"auto, (max-width: 2560px) 100vw, 2560px\" \/><span aria-hidden=\"true\" class=\"wp-block-cover__background has-ast-global-color-1-background-color has-background-dim-20 has-background-dim\"><\/span><div class=\"wp-block-cover__inner-container is-layout-flow wp-block-cover-is-layout-flow\">\n<h1 class=\"wp-block-heading has-text-align-center has-white-color has-text-color\" style=\"font-size:65px\">Publications<\/h1>\n<\/div><\/div>\n\n\n\n<div class=\"inherit-container-width wp-block-group alignfull has-white-background-color has-background is-layout-constrained wp-block-group-is-layout-constrained\"><div class=\"wp-block-group__inner-container\">\n<p><strong>Articles and Legal Updates<\/strong><\/p>\n\n\n\n<p>\u00ab <em><span style=\"text-decoration: underline;\"><a href=\"https:\/\/www.village-justice.com\/articles\/qui-est-complice-droit-penal,53141.html\" data-type=\"URL\" data-id=\"https:\/\/www.village-justice.com\/articles\/extradition-entre-france-maroc,46827.html\" target=\"_blank\" rel=\"noreferrer noopener\">Qui est complice en droit p\u00e9nal?<\/a><\/span> <\/em>\u00bb, Village de la Justice, 22 avril 2025<\/p>\n\n\n\n<p>\u00ab <em><a href=\"https:\/\/www.village-justice.com\/articles\/extradition-entre-france-maroc,46827.html\" data-type=\"URL\" data-id=\"https:\/\/www.village-justice.com\/articles\/extradition-entre-france-maroc,46827.html\" target=\"_blank\" rel=\"noreferrer noopener\"><span style=\"text-decoration: underline;\">Focus sur l&rsquo;extradition entre la France et le Maroc<\/span><\/a> <\/em>\u00bb, Village de la Justice, 22 juillet 2023<\/p>\n\n\n\n<p>\u00ab <em><a href=\"https:\/\/www.village-justice.com\/articles\/extradition-entre-france-canada-quelles-sont-les-regles-applicables,46723.html\" data-type=\"URL\" data-id=\"https:\/\/www.village-justice.com\/articles\/extradition-entre-france-canada-quelles-sont-les-regles-applicables,46723.html\" target=\"_blank\" rel=\"noreferrer noopener\"><span style=\"text-decoration: underline;\">Extradition entre la France et le Canada : quelles sont les r\u00e8gles applicables ?<\/span><\/a><\/em> \u00bb, Village de la Justice, 10 juillet 2023<\/p>\n\n\n\n<p>\u00ab <em><a href=\"https:\/\/www.village-justice.com\/articles\/droit-oubli-numerique-comment-faire-effacer-des-donnees-personnelles-sur,45154.html\" target=\"_blank\" rel=\"noreferrer noopener\"><span style=\"text-decoration: underline;\">Le droit \u00e0 l&rsquo;oubli num\u00e9rique : comment faire effacer des donn\u00e9es personnelles sur internet ?<\/span><\/a><\/em> \u00bb, Village de la Justice, 9 f\u00e9vrier 2023<\/p>\n\n\n\n<p>\u00ab<em> <a href=\"https:\/\/www.village-justice.com\/articles\/proces-criminel-devant-cour-assises,44861.html\" target=\"_blank\" rel=\"noreferrer noopener\"><span style=\"text-decoration: underline;\">Le proc\u00e8s devant la Cour d&rsquo;assises<\/span><\/a> <\/em>\u00bb, Village de la Justice, 19 janvier 2023<\/p>\n\n\n\n<p>\u00ab&nbsp;<a href=\"https:\/\/www.village-justice.com\/articles\/extradition-procedure-france,36160.html\" target=\"_blank\" rel=\"noreferrer noopener\"><em><span style=\"text-decoration: underline;\">Extradition procedure in France<\/span><\/em><\/a>&nbsp;\u00bb, Village de la Justice, 4 juin 2021<\/p>\n\n\n\n<p>\u00ab&nbsp;<a href=\"https:\/\/theimpactlawyers.com\/articles\/the-french-bill-comforting-the-respect-of-the-principles-of-the-republic\" target=\"_blank\" rel=\"noreferrer noopener\"><em><span style=\"text-decoration: underline;\">The French bill \u201ccomforting the respect of the principles of the Republic\u201d<\/span>&nbsp;<\/em><\/a>\u00bb, The Impact Lawyer, 5 janvier 2021<\/p>\n\n\n\n<p>\u00ab&nbsp;<a href=\"https:\/\/www.village-justice.com\/articles\/extradition-les-moyens-permettant-personne-recherchee-opposer-remise,36258.html\" target=\"_blank\" rel=\"noreferrer noopener\"><em><span style=\"text-decoration: underline;\">Extradition : les moyens permettant \u00e0 la personne recherch\u00e9e de s\u2019opposer \u00e0 a sa remise<\/span><\/em><\/a>&nbsp;\u00bb, Village de la Justice, 3 ao\u00fbt 2020<\/p>\n\n\n\n<p>\u00ab&nbsp;<a href=\"https:\/\/www.village-justice.com\/articles\/mandat-arret-europeen-comment-personne-visee-peut-opposer-remise,35914.html\" target=\"_blank\" rel=\"noreferrer noopener\"><em><span style=\"text-decoration: underline;\">Mandat d\u2019arr\u00eat europ\u00e9en : comment la personne vis\u00e9e peut s\u2019opposer \u00e0 sa remise<\/span><\/em><\/a>&nbsp;\u00bb, Village de la Justice, 2 juillet 2020<\/p>\n\n\n\n<p>\u00ab&nbsp;<em><a href=\"https:\/\/www.village-justice.com\/articles\/extradition-procedure-extradition-personne-visee-residant-france,35912.html\" target=\"_blank\" rel=\"noreferrer noopener\"><span style=\"text-decoration: underline;\">Extradition: la proc\u00e9dure d\u2019extradition de la personne vis\u00e9e r\u00e9sidant en France<\/span><\/a><\/em>&nbsp;\u00bb, Village de la Justice, 30 juin 2020<\/p>\n\n\n\n<p>\u00ab&nbsp;<a href=\"https:\/\/www.village-justice.com\/articles\/extradition-quels-sont-les-faits-pouvant-donner-lieu-une-extradition,35911.html\" target=\"_blank\" rel=\"noreferrer noopener\"><em><span style=\"text-decoration: underline;\">Extradition : quels sont les faits pouvant donner lieu \u00e0 une extradition ?<\/span><\/em><\/a>&nbsp;\u00bb, Village de la Justice, 26 juin 2020<\/p>\n\n\n\n<p>\u00ab&nbsp;<a href=\"https:\/\/www.village-justice.com\/articles\/les-violences-contre-les-enfants-mineurs-sein-famille,34728.html\" target=\"_blank\" rel=\"noreferrer noopener\"><em><span style=\"text-decoration: underline;\">Les violences contre les enfants mineurs au sein de la famille<\/span><\/em><\/a>&nbsp;\u00bb, Village de la Justice, 2 juin 2020<\/p>\n\n\n\n<p>\u00ab&nbsp;<a href=\"https:\/\/www.village-justice.com\/articles\/detention-provisoire,34371.html\" target=\"_blank\" rel=\"noreferrer noopener\"><em><span style=\"text-decoration: underline;\">La d\u00e9tention provisoire<\/span><\/em><\/a>&nbsp;\u00bb, Village de la Justice, 2 juin 2020<\/p>\n\n\n\n<p>\u00ab&nbsp;<a href=\"https:\/\/www.village-justice.com\/articles\/remise-liberte-une-personne-placee-detention-provisoire,34375.html\" target=\"_blank\" rel=\"noreferrer noopener\"><em><span style=\"text-decoration: underline;\">La remise en libert\u00e9 d\u2019une personne plac\u00e9e en d\u00e9tention provisoire<\/span><\/em><\/a>&nbsp;\u00bb, Village de la Justice, 2 juin 2020<\/p>\n\n\n\n<p>\u00ab&nbsp;<a href=\"https:\/\/theimpactlawyers.com\/articles\/complaints-against-the-french-government-and-state-in-relation-to-covid-19\" target=\"_blank\" rel=\"noreferrer noopener\"><em><span style=\"text-decoration: underline;\">Complaints against the French government and State in relation to COVID-19<\/span><\/em><\/a>&nbsp;\u00bb, The Impact Lawyer, 29 mai 2020<\/p>\n\n\n\n<p>\u00ab&nbsp;<a href=\"https:\/\/www.village-justice.com\/articles\/role-avocat-devant-cour-assises,34299.html\" target=\"_blank\" rel=\"noreferrer noopener\"><em><span style=\"text-decoration: underline;\">Le r\u00f4le de l\u2019avocat devant la Cour d\u2019assises<\/span><\/em><\/a>&nbsp;\u00bb, Village de la Justice, 23 avril 2020<\/p>\n\n\n\n<p>\u00ab&nbsp;<a href=\"https:\/\/www.village-justice.com\/articles\/proces-devant-cour-assises-appel,34315.html\" target=\"_blank\" rel=\"noreferrer noopener\"><em><span style=\"text-decoration: underline;\">Le proc\u00e8s devant la Cour d\u2019assises en appel<\/span><\/em><\/a>&nbsp;\u00bb, Village de la Justice, 20 avril 2020<\/p>\n\n\n\n<p><br><strong>Press Reviews<\/strong><\/p>\n\n\n\n<p>\u00ab <a href=\"https:\/\/charliehebdo.fr\/2025\/09\/societe\/justice\/au-proces-damine-mojito-le-piqueur-fou\/\" data-type=\"link\" data-id=\"https:\/\/charliehebdo.fr\/2025\/09\/societe\/justice\/au-proces-damine-mojito-le-piqueur-fou\/\" target=\"_blank\" rel=\"noreferrer noopener\"><em>Au proc\u00e8s d\u2019Amine Mojito : le \u00ab piqueur fou \u00bb<\/em><\/a>\u00bb, Charlie Hebdo, 10 septembre 2025<\/p>\n\n\n\n<p>\u00ab<a href=\"https:\/\/www.lefigaro.fr\/actualite-france\/mojito-le-piqueur-fou-10-mois-de-prison-sous-bracelet-electronique-requis-a-l-encontre-d-un-influenceur-20250905\" data-type=\"link\" data-id=\"https:\/\/www.lefigaro.fr\/actualite-france\/mojito-le-piqueur-fou-10-mois-de-prison-sous-bracelet-electronique-requis-a-l-encontre-d-un-influenceur-20250905\" target=\"_blank\" rel=\"noreferrer noopener\"><em>\u00abMojito le piqueur fou\u00bb\u00a0: 10 mois de prison sous bracelet \u00e9lectronique requis \u00e0 l\u2019encontre d\u2019un influenceur<\/em><\/a> \u00bb, Le Figaro, 5 septembre 2025<\/p>\n\n\n\n<p>\u00ab <a href=\"https:\/\/www.leparisien.fr\/faits-divers\/interpelle-en-2020-a-orly-avec-de-la-cocaine-dans-sa-valise-un-ex-elu-guyanais-finalement-relaxe-13-05-2025-DTSYJYI5SVA2JJY2Q6M6US6NFI.php\" data-type=\"link\" data-id=\"https:\/\/www.leparisien.fr\/faits-divers\/interpelle-en-2020-a-orly-avec-de-la-cocaine-dans-sa-valise-un-ex-elu-guyanais-finalement-relaxe-13-05-2025-DTSYJYI5SVA2JJY2Q6M6US6NFI.php\" target=\"_blank\" rel=\"noreferrer noopener\"><span style=\"text-decoration: underline;\"><em>Interpell\u00e9 en 2020 \u00e0 Orly avec de la coca\u00efne dans sa valise, un ex-\u00e9lu guyanais finalement relax\u00e9<\/em><\/span><\/a> \u00bb, Le Parisien, 13 mai 2025<\/p>\n\n\n\n<p>\u00ab <span style=\"text-decoration: underline;\"><a href=\"https:\/\/la1ere.franceinfo.fr\/juge-pour-trafic-de-cocaine-un-ancien-maire-guyanais-relaxe-par-le-tribunal-de-creteil-1586228.html\" data-type=\"link\" data-id=\"https:\/\/la1ere.franceinfo.fr\/juge-pour-trafic-de-cocaine-un-ancien-maire-guyanais-relaxe-par-le-tribunal-de-creteil-1586228.html\" target=\"_blank\" rel=\"noreferrer noopener\"><em>Jug\u00e9 pour trafic de coca\u00efne, un ancien maire guyanais relax\u00e9 par le tribunal de Cr\u00e9teil<\/em><\/a><\/span> \u00bb, FranceInfo, 13 mai 2025 <\/p>\n\n\n\n<p>\u00ab <a href=\"https:\/\/www.tf1.fr\/tf1\/chroniques-criminelles\/videos\/chroniques-criminelles-qui-a-tue-la-riche-patronne-les-secrets-de-la-chambre-a-coucher-76485919.html\" data-type=\"link\" data-id=\"https:\/\/www.tf1.fr\/tf1\/chroniques-criminelles\/videos\/chroniques-criminelles-qui-a-tue-la-riche-patronne-les-secrets-de-la-chambre-a-coucher-76485919.html\" target=\"_blank\" rel=\"noreferrer noopener\"><span style=\"text-decoration: underline;\"><em>Chroniques criminelles &#8211; Qui a tu\u00e9 la riche patronne ?\/Les secrets de la chambre \u00e0 coucher<\/em><\/span><\/a> \u00bb, Chroniques criminelles (TF1+), 26 avril 2025<\/p>\n\n\n\n<p>\u00ab <a href=\"https:\/\/people.com\/teen-paris-gap-year-trip-allegedly-threw-newborn-out-hotel-window-punishment-exclusive-11700581\" data-type=\"link\" data-id=\"https:\/\/people.com\/teen-paris-gap-year-trip-allegedly-threw-newborn-out-hotel-window-punishment-exclusive-11700581\" target=\"_blank\" rel=\"noreferrer noopener\"><span style=\"text-decoration: underline;\"><em>Teen on Paris Gap Year Trip Allegedly Threw Newborn Out Hotel Window. What Punishment Could She Face?<\/em><\/span><\/a> \u00bb, People, 20 mars 2025<\/p>\n\n\n\n<p>\u00ab <a href=\"https:\/\/actu.fr\/societe\/un-deuxieme-viol-comme-gisele-pelicot-ces-victimes-accusees-d-etre-coupables-au-proces_61683030.html\" data-type=\"link\" data-id=\"https:\/\/actu.fr\/societe\/un-deuxieme-viol-comme-gisele-pelicot-ces-victimes-accusees-d-etre-coupables-au-proces_61683030.html\" target=\"_blank\" rel=\"noreferrer noopener\"><span style=\"text-decoration: underline;\"><em>Un deuxi\u00e8me viol\u00a0\u00bb : comme Gis\u00e8le Pelicot, ces victimes accus\u00e9es d&rsquo;\u00eatre coupables au proc\u00e8s<\/em><\/span><\/a> \u00bb, Actu.fr, 6 octobre 2024<\/p>\n\n\n\n<p>\u00ab <a href=\"https:\/\/www.lepoint.fr\/societe\/violences-sexuelles-quels-sont-les-risques-de-poster-une-photo-de-son-violeur-11-03-2024-2554744_23.php#11\" data-type=\"link\" data-id=\"https:\/\/www.20minutes.fr\/justice\/4074130-20240202-viol-symbolique-integrer-notion-consentement-loi-penale-francaise\" target=\"_blank\" rel=\"noreferrer noopener\"><span style=\"text-decoration: underline;\"><em>Viol&nbsp;: sur TikTok, des victimes&nbsp;postent, non sans risque, des photos de leurs agresseurs pr\u00e9sum\u00e9s<\/em><\/span><\/a> \u00bb, Le Point, 11 mars 2024<\/p>\n\n\n\n<p>\u00ab <em><a href=\"https:\/\/www.20minutes.fr\/justice\/4074130-20240202-viol-symbolique-integrer-notion-consentement-loi-penale-francaise\" data-type=\"link\" data-id=\"https:\/\/www.20minutes.fr\/justice\/4074130-20240202-viol-symbolique-integrer-notion-consentement-loi-penale-francaise\" target=\"_blank\" rel=\"noreferrer noopener\"><span style=\"text-decoration: underline;\">Viol : Est-il \u00ab\u00a0symbolique\u00a0\u00bb d\u2019int\u00e9grer la notion de consentement dans la loi p\u00e9nale fran\u00e7aise&nbsp;?<\/span><\/a> <\/em>\u00bb, 20 Minutes, 2 f\u00e9vrier 2024<\/p>\n\n\n\n<p>\u00ab <a href=\"https:\/\/www.mediapart.fr\/journal\/fil-dactualites\/030823\/affaire-altice-la-dirigeante-suspendue-en-france-se-defend-de-tout-acte-reprehensible\" data-type=\"link\" data-id=\"https:\/\/www.mediapart.fr\/journal\/fil-dactualites\/030823\/affaire-altice-la-dirigeante-suspendue-en-france-se-defend-de-tout-acte-reprehensible\" target=\"_blank\" rel=\"noreferrer noopener\"><span style=\"text-decoration: underline;\"><em>Affaire Altice: la dirigeante suspendue en France se d\u00e9fend de tout \u00ab\u00a0acte r\u00e9pr\u00e9hensible\u00a0\u00bb<\/em><\/span><\/a> \u00bb, M\u00e9diapart, 3 ao\u00fbt 2023<\/p>\n\n\n\n<p>\u00ab&nbsp;<a href=\"https:\/\/www.lefigaro.fr\/societes\/altice-une-dirigeante-suspendue-en-france-apres-l-enquete-pour-corruption-ouverte-au-portugal-20230802\" data-type=\"link\" data-id=\"https:\/\/www.lefigaro.fr\/societes\/altice-une-dirigeante-suspendue-en-france-apres-l-enquete-pour-corruption-ouverte-au-portugal-20230802\" target=\"_blank\" rel=\"noreferrer noopener\"><span style=\"text-decoration: underline;\"><em>Altice : une dirigeante suspendue en France, apr\u00e8s l&rsquo;enqu\u00eate pour corruption ouverte au Portugal<\/em><\/span><\/a> \u00bb, Le Figaro, 2 ao\u00fbt 2023<\/p>\n\n\n\n<p>\u00ab&nbsp;<span style=\"text-decoration: underline;\"><em>H\u00e9ritages : Fortune de malheur<\/em><\/span><em><a href=\"https:\/\/www.lejdd.fr\/Societe\/discrimination-post-conge-maternite-chez-ey-les-ministres-dupond-moretti-et-schiappa-interpelles-4100583\" data-type=\"link\" data-id=\"https:\/\/www.lejdd.fr\/Societe\/discrimination-post-conge-maternite-chez-ey-les-ministres-dupond-moretti-et-schiappa-interpelles-4100583\" target=\"_blank\" rel=\"noreferrer noopener\">&nbsp;<\/a><\/em>\u00bb, H\u00e9ritage (NRJ 12), 9 juin 2022<\/p>\n\n\n\n<p>\u00ab&nbsp;<em><a href=\"https:\/\/www.lejdd.fr\/Societe\/discrimination-post-conge-maternite-chez-ey-les-ministres-dupond-moretti-et-schiappa-interpelles-4100583\" data-type=\"link\" data-id=\"https:\/\/www.lejdd.fr\/Societe\/discrimination-post-conge-maternite-chez-ey-les-ministres-dupond-moretti-et-schiappa-interpelles-4100583\" target=\"_blank\" rel=\"noreferrer noopener\"><span style=\"text-decoration: underline;\">Discrimination post-cong\u00e9 maternit\u00e9 chez EY : les ministres Dupond-Moretti et Schiappa interpell\u00e9s<\/span>&nbsp;<\/a><\/em>\u00bb, Journal du Dimanche, 20 mars 2022<\/p>\n\n\n\n<p>\u00ab&nbsp;<em><a href=\"https:\/\/www.lejdd.fr\/Societe\/tribune-affaire-jubillar-la-justice-nest-pas-de-la-divination-ni-un-jeu-de-hasard-4083410\" data-type=\"link\" data-id=\"https:\/\/www.lejdd.fr\/Societe\/tribune-affaire-jubillar-la-justice-nest-pas-de-la-divination-ni-un-jeu-de-hasard-4083410\" target=\"_blank\" rel=\"noreferrer noopener\"><span style=\"text-decoration: underline;\">Affaire Jubillar : la justice n\u2019est pas de la divination ni un jeu de hasard<\/span><\/a><\/em>&nbsp;\u00bb, Journal du Dimanche, 19 d\u00e9cembre 2021<\/p>\n\n\n\n<p>\u00ab&nbsp;<a href=\"https:\/\/www.pressreader.com\/france\/nice-matin-cannes\/20200704\/282037624444778\" target=\"_blank\" rel=\"noreferrer noopener\"><em><span style=\"text-decoration: underline;\">Un meurtre au coussin pour oublier ses dettes<\/span><\/em><\/a>&nbsp;\u00bb, Nice Matin, 4 juillet 2020<\/p>\n<\/div><\/div>","protected":false},"excerpt":{"rendered":"<p>Articles et br\u00e8ves juridiques \u00ab Qui est complice en droit p\u00e9nal? \u00bb, Village de la Justice, 22 avril 2025 \u00ab Focus sur l&rsquo;extradition entre la France et le Maroc \u00bb, Village de la Justice, 22 juillet 2023 \u00ab Extradition entre la France et le Canada : quelles sont les r\u00e8gles applicables ? \u00bb, Village de &hellip;<\/p>\n<p class=\"read-more\"> <a class=\"\" href=\"https:\/\/www.loispamelalesot.com\/en\/publications\/\"> <span class=\"screen-reader-text\">Publications<\/span> Read More &raquo;<\/a><\/p>","protected":false},"author":2,"featured_media":0,"parent":0,"menu_order":0,"comment_status":"closed","ping_status":"closed","template":"","meta":{"site-sidebar-layout":"no-sidebar","site-content-layout":"plain-container","ast-global-header-display":"","ast-main-header-display":"","ast-hfb-above-header-display":"","ast-hfb-below-header-display":"","ast-hfb-mobile-header-display":"","site-post-title":"disabled","ast-breadcrumbs-content":"","ast-featured-img":"","footer-sml-layout":"","theme-transparent-header-meta":"enabled","adv-header-id-meta":"","stick-header-meta":"","header-above-stick-meta":"","header-main-stick-meta":"","header-below-stick-meta":"","footnotes":""},"class_list":["post-948","page","type-page","status-publish","hentry"],"_links":{"self":[{"href":"https:\/\/www.loispamelalesot.com\/en\/wp-json\/wp\/v2\/pages\/948","targetHints":{"allow":["GET"]}}],"collection":[{"href":"https:\/\/www.loispamelalesot.com\/en\/wp-json\/wp\/v2\/pages"}],"about":[{"href":"https:\/\/www.loispamelalesot.com\/en\/wp-json\/wp\/v2\/types\/page"}],"author":[{"embeddable":true,"href":"https:\/\/www.loispamelalesot.com\/en\/wp-json\/wp\/v2\/users\/2"}],"replies":[{"embeddable":true,"href":"https:\/\/www.loispamelalesot.com\/en\/wp-json\/wp\/v2\/comments?post=948"}],"version-history":[{"count":30,"href":"https:\/\/www.loispamelalesot.com\/en\/wp-json\/wp\/v2\/pages\/948\/revisions"}],"predecessor-version":[{"id":2238,"href":"https:\/\/www.loispamelalesot.com\/en\/wp-json\/wp\/v2\/pages\/948\/revisions\/2238"}],"wp:attachment":[{"href":"https:\/\/www.loispamelalesot.com\/en\/wp-json\/wp\/v2\/media?parent=948"}],"curies":[{"name":"wp","href":"https:\/\/api.w.org\/{rel}","templated":true}]}}