{"id":958,"date":"2023-01-18T13:07:51","date_gmt":"2023-01-18T12:07:51","guid":{"rendered":"https:\/\/www.loispamelalesot.com\/?page_id=958"},"modified":"2025-09-21T11:02:55","modified_gmt":"2025-09-21T09:02:55","slug":"mentions-legales","status":"publish","type":"page","link":"https:\/\/www.loispamelalesot.com\/en\/mentions-legales\/","title":{"rendered":"Legal Notice"},"content":{"rendered":"<div class=\"wp-block-cover alignfull\" style=\"min-height:380px;aspect-ratio:unset;\"><img loading=\"lazy\" decoding=\"async\" width=\"2560\" height=\"1441\" class=\"wp-block-cover__image-background wp-image-1695\" alt=\"\" src=\"https:\/\/www.loispamelalesot.com\/wp-content\/uploads\/2024\/06\/robin-ooode-A5hD0BMzsbo-unsplash-scaled.jpg\" style=\"object-position:50% 0%\" data-object-fit=\"cover\" data-object-position=\"50% 0%\" srcset=\"https:\/\/www.loispamelalesot.com\/wp-content\/uploads\/2024\/06\/robin-ooode-A5hD0BMzsbo-unsplash-scaled.jpg 2560w, https:\/\/www.loispamelalesot.com\/wp-content\/uploads\/2024\/06\/robin-ooode-A5hD0BMzsbo-unsplash-300x169.jpg 300w, https:\/\/www.loispamelalesot.com\/wp-content\/uploads\/2024\/06\/robin-ooode-A5hD0BMzsbo-unsplash-1024x576.jpg 1024w, https:\/\/www.loispamelalesot.com\/wp-content\/uploads\/2024\/06\/robin-ooode-A5hD0BMzsbo-unsplash-768x432.jpg 768w, https:\/\/www.loispamelalesot.com\/wp-content\/uploads\/2024\/06\/robin-ooode-A5hD0BMzsbo-unsplash-1536x864.jpg 1536w, https:\/\/www.loispamelalesot.com\/wp-content\/uploads\/2024\/06\/robin-ooode-A5hD0BMzsbo-unsplash-2048x1153.jpg 2048w\" sizes=\"auto, (max-width: 2560px) 100vw, 2560px\" \/><span aria-hidden=\"true\" class=\"wp-block-cover__background has-ast-global-color-1-background-color has-background-dim-20 has-background-dim\"><\/span><div class=\"wp-block-cover__inner-container is-layout-flow wp-block-cover-is-layout-flow\">\n<h1 class=\"wp-block-heading has-text-align-center has-white-color has-text-color\" style=\"font-size:65px\">Mentions L\u00e9gales<\/h1>\n<\/div><\/div>\n\n\n\n<div class=\"inherit-container-width wp-block-group alignfull has-white-background-color has-background is-layout-constrained wp-block-group-is-layout-constrained\"><div class=\"wp-block-group__inner-container\">\n<p><strong>Mentions de l\u2019avocat<\/strong><\/p>\n\n\n\n<p>Lois Pamela LESOT, avocate au Barreau de Paris<br>Adresse: 4 rue de Rome, 75008 PARIS<br>Mail: lesot@loispamelalesot.com<em><br><\/em>T\u00e9l.: 06.52.02.54.42<em><br><\/em>SIRET: 882 566 102 00027, TVA intracommunautaire: FR92882566102<br>Egalement Propri\u00e9taire du site et Directeur de publication<\/p>\n\n\n\n<p><strong>Politique de confidentialit\u00e9<\/strong><\/p>\n\n\n\n<p>Vos donn\u00e9es personnelles collect\u00e9es lors de votre prise de contact avec l\u2019avocat font l\u2019objet d\u2019un traitement informatis\u00e9 par ce dernier, destin\u00e9 \u00e0 r\u00e9pondre et assurer le suivi de votre demande<\/p>\n\n\n\n<p>En application des articles 13 et 14 du R\u00e8glement europ\u00e9en G\u00e9n\u00e9ral sur la Protection des Donn\u00e9es (2016\/679) et de l\u2019article 32 de la loi Informatique et Libert\u00e9s du 6 janvier 1978 modifi\u00e9e, le Directeur de Publication du Site vous informe que :<br>a. Le responsable du fichier, Me Lois Pamela LESOT (coordonn\u00e9es ci-dessus)<br>b. Prot\u00e8ge l\u2019ensemble de vos donn\u00e9es personnelles<br>c. Pour la protection de votre vie priv\u00e9e, dans le cadre du traitement de votre dossier, qu\u2019il<br>s\u2019agisse d\u2019un dossier juridique, judiciaire ou d\u2019arbitrage<br>d. Vos donn\u00e9es sont conserv\u00e9es dans un registre, tenu par Me Lois Pamela LESOT<br>e. Vos donn\u00e9es sont trait\u00e9es et conserv\u00e9es d\u00e8s votre prise d\u2019attache, y compris pour le simple \u00e9tablissement d\u2019un devis ou lors de la prise d\u2019un rendez-vous<br>f. Elles ne seront conserv\u00e9es que 10 semaines, dans l\u2019hypoth\u00e8se o\u00f9 le rendez-vous ne serait pas honor\u00e9<br>g. Dans tous les autres cas, elles seront conserv\u00e9es pendant un d\u00e9lai de 5 ann\u00e9es \u00e0 compter du dernier acte juridique ou judiciaire r\u00e9alis\u00e9 par Me Lois Pamela LESOT<br>h. Par un syst\u00e8me informatique prot\u00e9g\u00e9 et s\u00e9curis\u00e9 et\/ou par des locaux et un syst\u00e8me informatique prot\u00e9g\u00e9s et s\u00e9curis\u00e9s<\/p>\n\n\n\n<p>Vous disposez des droits (i) d\u2019acc\u00e8s, (ii) de rectification, (iii) d\u2019effacement, (iv) de limitation, (v) d\u2019opposition, (vi) de portabilit\u00e9 et de (vii) de r\u00e9diger des directives post-mortem g\u00e9n\u00e9rales ou particuli\u00e8res relatives \u00e0 la conservation, \u00e0 l\u2019effacement et \u00e0 la communication sur vos donn\u00e9es personnelles<\/p>\n\n\n\n<p>Vous avez \u00e9galement la facult\u00e9 de saisir la CNIL si vous estimez que vos donn\u00e9es personnelles ne sont pas prot\u00e9g\u00e9es<\/p>\n\n\n\n<p><strong>Coordonn\u00e9es du m\u00e9diateur de la consommation<\/strong><\/p>\n\n\n\n<p>Conform\u00e9ment aux dispositions des articles L.612-1 et suivants du Code de la consommation, vous avez la possibilit\u00e9, en cas de litige, de recourir gratuitement au M\u00e9diateur de la consommation aupr\u00e8s du Conseil National des Barreaux (CNB) dont les coordonn\u00e9es sont les suivantes : CNB, M\u00e9diateur \u00e0 la consommation, 180 boulevard Haussmann \u2013 75008 PARIS<\/p>\n\n\n\n<p><strong>R\u00e9f\u00e9rencement du site<\/strong><\/p>\n\n\n\n<p>Le site est h\u00e9berg\u00e9 par OVH, SAS au capital de 10&nbsp;069&nbsp;020&nbsp;\u20ac, RCS Lille M\u00e9tropole 424 761 419 00045, Code APE 2620Z, N\u00b0 TVA : FR 22 424 761 419, Si\u00e8ge social : 2 rue Kellermann, 59100 Roubaix<\/p>\n<\/div><\/div>","protected":false},"excerpt":{"rendered":"<p>Mentions de l\u2019avocat Lois Pamela LESOT, avocate au Barreau de ParisAdresse: 4 rue de Rome, 75008 PARISMail: lesot@loispamelalesot.comT\u00e9l.: 06.52.02.54.42SIRET: 882 566 102 00027, TVA intracommunautaire: FR92882566102Egalement Propri\u00e9taire du site et Directeur de publication Politique de confidentialit\u00e9 Vos donn\u00e9es personnelles collect\u00e9es lors de votre prise de contact avec l\u2019avocat font l\u2019objet d\u2019un traitement informatis\u00e9 par ce &hellip;<\/p>\n<p class=\"read-more\"> <a class=\"\" href=\"https:\/\/www.loispamelalesot.com\/en\/mentions-legales\/\"> <span class=\"screen-reader-text\">Legal Notice<\/span> Read More &raquo;<\/a><\/p>","protected":false},"author":2,"featured_media":0,"parent":0,"menu_order":0,"comment_status":"closed","ping_status":"closed","template":"","meta":{"site-sidebar-layout":"no-sidebar","site-content-layout":"plain-container","ast-global-header-display":"","ast-main-header-display":"","ast-hfb-above-header-display":"","ast-hfb-below-header-display":"","ast-hfb-mobile-header-display":"","site-post-title":"disabled","ast-breadcrumbs-content":"","ast-featured-img":"","footer-sml-layout":"","theme-transparent-header-meta":"enabled","adv-header-id-meta":"","stick-header-meta":"","header-above-stick-meta":"","header-main-stick-meta":"","header-below-stick-meta":"","footnotes":""},"class_list":["post-958","page","type-page","status-publish","hentry"],"_links":{"self":[{"href":"https:\/\/www.loispamelalesot.com\/en\/wp-json\/wp\/v2\/pages\/958","targetHints":{"allow":["GET"]}}],"collection":[{"href":"https:\/\/www.loispamelalesot.com\/en\/wp-json\/wp\/v2\/pages"}],"about":[{"href":"https:\/\/www.loispamelalesot.com\/en\/wp-json\/wp\/v2\/types\/page"}],"author":[{"embeddable":true,"href":"https:\/\/www.loispamelalesot.com\/en\/wp-json\/wp\/v2\/users\/2"}],"replies":[{"embeddable":true,"href":"https:\/\/www.loispamelalesot.com\/en\/wp-json\/wp\/v2\/comments?post=958"}],"version-history":[{"count":11,"href":"https:\/\/www.loispamelalesot.com\/en\/wp-json\/wp\/v2\/pages\/958\/revisions"}],"predecessor-version":[{"id":2214,"href":"https:\/\/www.loispamelalesot.com\/en\/wp-json\/wp\/v2\/pages\/958\/revisions\/2214"}],"wp:attachment":[{"href":"https:\/\/www.loispamelalesot.com\/en\/wp-json\/wp\/v2\/media?parent=958"}],"curies":[{"name":"wp","href":"https:\/\/api.w.org\/{rel}","templated":true}]}}